{"id":3062,"date":"2025-10-01T13:06:08","date_gmt":"2025-10-01T11:06:08","guid":{"rendered":"https:\/\/dega.cz\/?page_id=3062"},"modified":"2025-10-01T14:33:50","modified_gmt":"2025-10-01T12:33:50","slug":"kariera","status":"publish","type":"page","link":"https:\/\/www.dega.cz\/fr\/kariera\/","title":{"rendered":"Kari\u00e9ra"},"content":{"rendered":"<div data-elementor-type=\"wp-page\" data-elementor-id=\"3062\" class=\"elementor elementor-3062\" data-elementor-settings=\"{&quot;element_pack_global_tooltip_width&quot;:{&quot;unit&quot;:&quot;px&quot;,&quot;size&quot;:&quot;&quot;,&quot;sizes&quot;:[]},&quot;element_pack_global_tooltip_width_tablet&quot;:{&quot;unit&quot;:&quot;px&quot;,&quot;size&quot;:&quot;&quot;,&quot;sizes&quot;:[]},&quot;element_pack_global_tooltip_width_mobile&quot;:{&quot;unit&quot;:&quot;px&quot;,&quot;size&quot;:&quot;&quot;,&quot;sizes&quot;:[]},&quot;element_pack_global_tooltip_padding&quot;:{&quot;unit&quot;:&quot;px&quot;,&quot;top&quot;:&quot;&quot;,&quot;right&quot;:&quot;&quot;,&quot;bottom&quot;:&quot;&quot;,&quot;left&quot;:&quot;&quot;,&quot;isLinked&quot;:true},&quot;element_pack_global_tooltip_padding_tablet&quot;:{&quot;unit&quot;:&quot;px&quot;,&quot;top&quot;:&quot;&quot;,&quot;right&quot;:&quot;&quot;,&quot;bottom&quot;:&quot;&quot;,&quot;left&quot;:&quot;&quot;,&quot;isLinked&quot;:true},&quot;element_pack_global_tooltip_padding_mobile&quot;:{&quot;unit&quot;:&quot;px&quot;,&quot;top&quot;:&quot;&quot;,&quot;right&quot;:&quot;&quot;,&quot;bottom&quot;:&quot;&quot;,&quot;left&quot;:&quot;&quot;,&quot;isLinked&quot;:true},&quot;element_pack_global_tooltip_border_radius&quot;:{&quot;unit&quot;:&quot;px&quot;,&quot;top&quot;:&quot;&quot;,&quot;right&quot;:&quot;&quot;,&quot;bottom&quot;:&quot;&quot;,&quot;left&quot;:&quot;&quot;,&quot;isLinked&quot;:true},&quot;element_pack_global_tooltip_border_radius_tablet&quot;:{&quot;unit&quot;:&quot;px&quot;,&quot;top&quot;:&quot;&quot;,&quot;right&quot;:&quot;&quot;,&quot;bottom&quot;:&quot;&quot;,&quot;left&quot;:&quot;&quot;,&quot;isLinked&quot;:true},&quot;element_pack_global_tooltip_border_radius_mobile&quot;:{&quot;unit&quot;:&quot;px&quot;,&quot;top&quot;:&quot;&quot;,&quot;right&quot;:&quot;&quot;,&quot;bottom&quot;:&quot;&quot;,&quot;left&quot;:&quot;&quot;,&quot;isLinked&quot;:true}}\" data-elementor-post-type=\"page\">\n\t\t\t\t<div class=\"elementor-element elementor-element-2ceea09 e-flex e-con-boxed e-con e-parent\" data-id=\"2ceea09\" data-element_type=\"container\" data-e-type=\"container\" data-settings=\"{&quot;background_background&quot;:&quot;video&quot;,&quot;background_video_link&quot;:&quot;https:\\\/\\\/youtu.be\\\/EG00PbSY1Ik&quot;,&quot;background_play_on_mobile&quot;:&quot;yes&quot;}\">\n\t\t\t\t\t<div class=\"e-con-inner\">\n\t\t<div class=\"elementor-background-video-container\">\n\t\t\t\t\t\t\t<div class=\"elementor-background-video-embed\" role=\"presentation\"><\/div>\n\t\t\t\t\t\t<\/div><div class=\"elementor-element elementor-element-aee895e e-con-full e-flex e-con e-child\" data-id=\"aee895e\" data-element_type=\"container\" data-e-type=\"container\">\n\t\t\t\t<\/div>\n\t\t\t\t\t<\/div>\n\t\t\t\t<\/div>\n\t\t<div class=\"elementor-element elementor-element-2ca2cff e-flex e-con-boxed e-con e-parent\" data-id=\"2ca2cff\" data-element_type=\"container\" data-e-type=\"container\">\n\t\t\t\t\t<div class=\"e-con-inner\">\n\t\t<div class=\"elementor-element elementor-element-55538b2 e-con-full e-flex e-con e-child\" data-id=\"55538b2\" data-element_type=\"container\" data-e-type=\"container\">\n\t\t\t\t<div class=\"elementor-element elementor-element-ff2d5b0 elementor-grid-3 elementor-grid-tablet-2 elementor-grid-mobile-1 elementor-posts--thumbnail-top elementor-posts__hover-gradient elementor-widget elementor-widget-posts\" data-id=\"ff2d5b0\" data-element_type=\"widget\" data-e-type=\"widget\" data-settings=\"{&quot;cards_columns&quot;:&quot;3&quot;,&quot;cards_columns_tablet&quot;:&quot;2&quot;,&quot;cards_columns_mobile&quot;:&quot;1&quot;,&quot;cards_row_gap&quot;:{&quot;unit&quot;:&quot;px&quot;,&quot;size&quot;:35,&quot;sizes&quot;:[]},&quot;cards_row_gap_tablet&quot;:{&quot;unit&quot;:&quot;px&quot;,&quot;size&quot;:&quot;&quot;,&quot;sizes&quot;:[]},&quot;cards_row_gap_mobile&quot;:{&quot;unit&quot;:&quot;px&quot;,&quot;size&quot;:&quot;&quot;,&quot;sizes&quot;:[]}}\" data-widget_type=\"posts.cards\">\n\t\t\t\t<div class=\"elementor-widget-container\">\n\t\t\t\t\t\t\t<div class=\"elementor-posts-container elementor-posts elementor-posts--skin-cards elementor-grid\" role=\"list\">\n\t\t\t\t<article class=\"elementor-post elementor-grid-item post-3103 post type-post status-publish format-standard has-post-thumbnail hentry category-kariera\" role=\"listitem\">\n\t\t\t<div class=\"elementor-post__card\">\n\t\t\t\t<a class=\"elementor-post__thumbnail__link\" href=\"https:\/\/www.dega.cz\/fr\/elektrotechnik-vyroba-sestavovani-a-testovani\/\" tabindex=\"-1\" ><div class=\"elementor-post__thumbnail\"><img fetchpriority=\"high\" decoding=\"async\" width=\"400\" height=\"225\" src=\"https:\/\/www.dega.cz\/wp-content\/uploads\/2025\/10\/kancelar-dega-cz-1-1-400x225-2.webp\" class=\"attachment-full size-full wp-image-3087\" alt=\"\" srcset=\"https:\/\/www.dega.cz\/wp-content\/uploads\/2025\/10\/kancelar-dega-cz-1-1-400x225-2.webp 400w, https:\/\/www.dega.cz\/wp-content\/uploads\/2025\/10\/kancelar-dega-cz-1-1-400x225-2-300x169.webp 300w\" sizes=\"(max-width: 400px) 100vw, 400px\" \/><\/div><\/a>\n\t\t\t\t<div class=\"elementor-post__badge\">Kari\u00e9ra<\/div>\n\t\t\t\t<div class=\"elementor-post__text\">\n\t\t\t\t<h3 class=\"elementor-post__title\">\n\t\t\t<a href=\"https:\/\/www.dega.cz\/fr\/elektrotechnik-vyroba-sestavovani-a-testovani\/\" >\n\t\t\t\tELEKTROTECHNIK | v\u00fdroba, sestavov\u00e1n\u00ed a testov\u00e1n\u00ed\t\t\t<\/a>\n\t\t<\/h3>\n\t\t\t\t<div class=\"elementor-post__excerpt\">\n\t\t\t<p>Kompletace, servis a konfiguraci\/kalibrace na\u0161ich v\u00fdrobk\u016f, kter\u00e9 sestavujeme pro ka\u017ed\u00e9ho z\u00e1kazn\u00edka individu\u00e1ln\u011b (detek\u010dn\u00edch syst\u00e9m\u016f plyn\u016f) v s\u00eddle na\u0161\u00ed spole\u010dnosti. Oprava a servis p\u0159\u00edpadn\u00fdch reklamac\u00ed.<\/p>\n\t\t<\/div>\n\t\t\t\t<\/div>\n\t\t\t\t\t<\/div>\n\t\t<\/article>\n\t\t\t\t<article class=\"elementor-post elementor-grid-item post-3094 post type-post status-publish format-standard has-post-thumbnail hentry category-kariera\" role=\"listitem\">\n\t\t\t<div class=\"elementor-post__card\">\n\t\t\t\t<a class=\"elementor-post__thumbnail__link\" href=\"https:\/\/www.dega.cz\/fr\/embedded-sw-developer-programator-c-c\/\" tabindex=\"-1\" ><div class=\"elementor-post__thumbnail\"><img decoding=\"async\" width=\"400\" height=\"225\" src=\"https:\/\/www.dega.cz\/wp-content\/uploads\/2025\/10\/sw-developer-dega-1-400x225-1.webp\" class=\"attachment-full size-full wp-image-3099\" alt=\"\" srcset=\"https:\/\/www.dega.cz\/wp-content\/uploads\/2025\/10\/sw-developer-dega-1-400x225-1.webp 400w, https:\/\/www.dega.cz\/wp-content\/uploads\/2025\/10\/sw-developer-dega-1-400x225-1-300x169.webp 300w\" sizes=\"(max-width: 400px) 100vw, 400px\" \/><\/div><\/a>\n\t\t\t\t<div class=\"elementor-post__badge\">Kari\u00e9ra<\/div>\n\t\t\t\t<div class=\"elementor-post__text\">\n\t\t\t\t<h3 class=\"elementor-post__title\">\n\t\t\t<a href=\"https:\/\/www.dega.cz\/fr\/embedded-sw-developer-programator-c-c\/\" >\n\t\t\t\tEmbedded SW developer | Program\u00e1tor C\/C++\t\t\t<\/a>\n\t\t<\/h3>\n\t\t\t\t<div class=\"elementor-post__excerpt\">\n\t\t\t<p>Samostatn\u00fd v\u00fdvoj FW pro ARM platformu STM32 (programovac\u00ed jazyk C\/C++, opera\u010dn\u00ed syst\u00e9m Chibios a RTOS). Veden\u00ed a odpov\u011bdnost za konkr\u00e9tn\u00ed projekt.<br \/>\nSpolupr\u00e1ce s kolegy HW v\u00fdvoje.<\/p>\n\t\t<\/div>\n\t\t\t\t<\/div>\n\t\t\t\t\t<\/div>\n\t\t<\/article>\n\t\t\t\t<article class=\"elementor-post elementor-grid-item post-3084 post type-post status-publish format-standard has-post-thumbnail hentry category-kariera\" role=\"listitem\">\n\t\t\t<div class=\"elementor-post__card\">\n\t\t\t\t<a class=\"elementor-post__thumbnail__link\" href=\"https:\/\/www.dega.cz\/fr\/team-leader-vedouci-elektrotechnik-elektronik\/\" tabindex=\"-1\" ><div class=\"elementor-post__thumbnail\"><img decoding=\"async\" width=\"400\" height=\"225\" src=\"https:\/\/www.dega.cz\/wp-content\/uploads\/2025\/10\/hw-developer-400x225-1.webp\" class=\"attachment-full size-full wp-image-3093\" alt=\"\" srcset=\"https:\/\/www.dega.cz\/wp-content\/uploads\/2025\/10\/hw-developer-400x225-1.webp 400w, https:\/\/www.dega.cz\/wp-content\/uploads\/2025\/10\/hw-developer-400x225-1-300x169.webp 300w\" sizes=\"(max-width: 400px) 100vw, 400px\" \/><\/div><\/a>\n\t\t\t\t<div class=\"elementor-post__badge\">Kari\u00e9ra<\/div>\n\t\t\t\t<div class=\"elementor-post__text\">\n\t\t\t\t<h3 class=\"elementor-post__title\">\n\t\t\t<a href=\"https:\/\/www.dega.cz\/fr\/team-leader-vedouci-elektrotechnik-elektronik\/\" >\n\t\t\t\tTeam Leader \u2013 Vedouc\u00ed | ELEKTROTECHNIK | ELEKTRONIK\t\t\t<\/a>\n\t\t<\/h3>\n\t\t\t\t<div class=\"elementor-post__excerpt\">\n\t\t\t<p>Pl\u00e1nov\u00e1n\u00ed a Realizaci vy\u0159izov\u00e1n\u00ed zak\u00e1zek. Manu\u00e1ln\u00ed zru\u010dnost v oboru.<br \/>\nPravideln\u00e1 anal\u00fdza, n\u00e1kup a pl\u00e1nov\u00e1n\u00ed skladov\u00e9ho hospod\u00e1\u0159stv\u00ed.<\/p>\n\t\t<\/div>\n\t\t\t\t<\/div>\n\t\t\t\t\t<\/div>\n\t\t<\/article>\n\t\t\t\t<article class=\"elementor-post elementor-grid-item post-3076 post type-post status-publish format-standard has-post-thumbnail hentry category-kariera\" role=\"listitem\">\n\t\t\t<div class=\"elementor-post__card\">\n\t\t\t\t<a class=\"elementor-post__thumbnail__link\" href=\"https:\/\/www.dega.cz\/fr\/hw-developer-rd-vyvojar-senior-team-leader\/\" tabindex=\"-1\" ><div class=\"elementor-post__thumbnail\"><img loading=\"lazy\" decoding=\"async\" width=\"800\" height=\"450\" src=\"https:\/\/www.dega.cz\/wp-content\/uploads\/2025\/10\/cog-wheels-g70feb5c28_1920-800x450-1.jpg\" class=\"attachment-full size-full wp-image-3079\" alt=\"\" srcset=\"https:\/\/www.dega.cz\/wp-content\/uploads\/2025\/10\/cog-wheels-g70feb5c28_1920-800x450-1.jpg 800w, https:\/\/www.dega.cz\/wp-content\/uploads\/2025\/10\/cog-wheels-g70feb5c28_1920-800x450-1-300x169.jpg 300w, https:\/\/www.dega.cz\/wp-content\/uploads\/2025\/10\/cog-wheels-g70feb5c28_1920-800x450-1-768x432.jpg 768w\" sizes=\"(max-width: 800px) 100vw, 800px\" \/><\/div><\/a>\n\t\t\t\t<div class=\"elementor-post__badge\">Kari\u00e9ra<\/div>\n\t\t\t\t<div class=\"elementor-post__text\">\n\t\t\t\t<h3 class=\"elementor-post__title\">\n\t\t\t<a href=\"https:\/\/www.dega.cz\/fr\/hw-developer-rd-vyvojar-senior-team-leader\/\" >\n\t\t\t\tHW developer | R&#038;D V\u00fdvoj\u00e1\u0159 | senior TEAM LEADER\t\t\t<\/a>\n\t\t<\/h3>\n\t\t\t\t<div class=\"elementor-post__excerpt\">\n\t\t\t<p>Anal\u00fdza projekt\u016f, pl\u00e1nov\u00e1n\u00ed a controlling projekt\u016f. Veden\u00ed t\u00fdmu R&#038;D. V\u00fdroba prototyp\u016f\/v\u00fdrobn\u00edch p\u0159\u00edpravk\u016f, testov\u00e1n\u00ed. Zpracov\u00e1v\u00e1n\u00ed technick\u00e9 dokumentace. Kontrolu a certifikaci.<\/p>\n\t\t<\/div>\n\t\t\t\t<\/div>\n\t\t\t\t\t<\/div>\n\t\t<\/article>\n\t\t\t\t<article class=\"elementor-post elementor-grid-item post-2791 post type-post status-publish format-standard has-post-thumbnail hentry category-kariera\" role=\"listitem\">\n\t\t\t<div class=\"elementor-post__card\">\n\t\t\t\t<a class=\"elementor-post__thumbnail__link\" href=\"https:\/\/www.dega.cz\/fr\/hw-developer-rd-vyvojar\/\" tabindex=\"-1\" ><div class=\"elementor-post__thumbnail\"><img loading=\"lazy\" decoding=\"async\" width=\"800\" height=\"450\" src=\"https:\/\/www.dega.cz\/wp-content\/uploads\/2025\/09\/HW-DEVELOPER2-800x450-1.jpg\" class=\"attachment-full size-full wp-image-2793\" alt=\"\" srcset=\"https:\/\/www.dega.cz\/wp-content\/uploads\/2025\/09\/HW-DEVELOPER2-800x450-1.jpg 800w, https:\/\/www.dega.cz\/wp-content\/uploads\/2025\/09\/HW-DEVELOPER2-800x450-1-300x169.jpg 300w, https:\/\/www.dega.cz\/wp-content\/uploads\/2025\/09\/HW-DEVELOPER2-800x450-1-768x432.jpg 768w\" sizes=\"(max-width: 800px) 100vw, 800px\" \/><\/div><\/a>\n\t\t\t\t<div class=\"elementor-post__badge\">Kari\u00e9ra<\/div>\n\t\t\t\t<div class=\"elementor-post__text\">\n\t\t\t\t<h3 class=\"elementor-post__title\">\n\t\t\t<a href=\"https:\/\/www.dega.cz\/fr\/hw-developer-rd-vyvojar\/\" >\n\t\t\t\tHW developer | R&#038;D V\u00fdvoj\u00e1\u0159\t\t\t<\/a>\n\t\t<\/h3>\n\t\t\t\t<div class=\"elementor-post__excerpt\">\n\t\t\t<p>Komunikace s extern\u00edmi dodavateli.<br \/>\nV\u00fdroba prototyp\u016f\/v\u00fdrobn\u00edch p\u0159\u00edpravk\u016f, testov\u00e1n\u00ed. Zpracov\u00e1v\u00e1n\u00ed technick\u00e9 dokumentace Kontrolu a certifikaci (spolupr\u00e1ce se zku\u0161ebnami a certifika\u010dn\u00edmi spole\u010dnostmi).<\/p>\n\t\t<\/div>\n\t\t\t\t<\/div>\n\t\t\t\t\t<\/div>\n\t\t<\/article>\n\t\t\t\t<\/div>\n\t\t\n\t\t\t\t\t\t<\/div>\n\t\t\t\t<\/div>\n\t\t\t\t<\/div>\n\t\t\t\t\t<\/div>\n\t\t\t\t<\/div>\n\t\t\t\t<section class=\"elementor-section elementor-top-section elementor-element elementor-element-040bb9d elementor-section-full_width elementor-section-stretched elementor-section-height-default elementor-section-height-default\" data-id=\"040bb9d\" data-element_type=\"section\" data-e-type=\"section\" data-settings=\"{&quot;stretch_section&quot;:&quot;section-stretched&quot;}\">\n\t\t\t\t\t\t<div class=\"elementor-container elementor-column-gap-no\">\n\t\t\t\t\t<div class=\"elementor-column elementor-col-100 elementor-top-column elementor-element elementor-element-fc51a64\" data-id=\"fc51a64\" data-element_type=\"column\" data-e-type=\"column\">\n\t\t\t<div class=\"elementor-widget-wrap\">\n\t\t\t\t\t\t\t<\/div>\n\t\t<\/div>\n\t\t\t\t\t<\/div>\n\t\t<\/section>\n\t\t\t\t<\/div>","protected":false},"excerpt":{"rendered":"","protected":false},"author":1,"featured_media":0,"parent":0,"menu_order":0,"comment_status":"closed","ping_status":"closed","template":"elementor_header_footer","meta":{"footnotes":""},"class_list":["post-3062","page","type-page","status-publish","hentry"],"_links":{"self":[{"href":"https:\/\/www.dega.cz\/fr\/wp-json\/wp\/v2\/pages\/3062","targetHints":{"allow":["GET"]}}],"collection":[{"href":"https:\/\/www.dega.cz\/fr\/wp-json\/wp\/v2\/pages"}],"about":[{"href":"https:\/\/www.dega.cz\/fr\/wp-json\/wp\/v2\/types\/page"}],"author":[{"embeddable":true,"href":"https:\/\/www.dega.cz\/fr\/wp-json\/wp\/v2\/users\/1"}],"replies":[{"embeddable":true,"href":"https:\/\/www.dega.cz\/fr\/wp-json\/wp\/v2\/comments?post=3062"}],"version-history":[{"count":0,"href":"https:\/\/www.dega.cz\/fr\/wp-json\/wp\/v2\/pages\/3062\/revisions"}],"wp:attachment":[{"href":"https:\/\/www.dega.cz\/fr\/wp-json\/wp\/v2\/media?parent=3062"}],"curies":[{"name":"wp","href":"https:\/\/api.w.org\/{rel}","templated":true}]}}