{"id":3022,"date":"2025-10-01T12:35:19","date_gmt":"2025-10-01T10:35:19","guid":{"rendered":"https:\/\/dega.cz\/?page_id=3022"},"modified":"2026-04-17T09:32:11","modified_gmt":"2026-04-17T07:32:11","slug":"sluzby","status":"publish","type":"page","link":"https:\/\/www.dega.cz\/fr\/sluzby\/","title":{"rendered":"Slu\u017eby"},"content":{"rendered":"<div data-elementor-type=\"wp-page\" data-elementor-id=\"3022\" class=\"elementor elementor-3022\" data-elementor-settings=\"{&quot;element_pack_global_tooltip_width&quot;:{&quot;unit&quot;:&quot;px&quot;,&quot;size&quot;:&quot;&quot;,&quot;sizes&quot;:[]},&quot;element_pack_global_tooltip_width_tablet&quot;:{&quot;unit&quot;:&quot;px&quot;,&quot;size&quot;:&quot;&quot;,&quot;sizes&quot;:[]},&quot;element_pack_global_tooltip_width_mobile&quot;:{&quot;unit&quot;:&quot;px&quot;,&quot;size&quot;:&quot;&quot;,&quot;sizes&quot;:[]},&quot;element_pack_global_tooltip_padding&quot;:{&quot;unit&quot;:&quot;px&quot;,&quot;top&quot;:&quot;&quot;,&quot;right&quot;:&quot;&quot;,&quot;bottom&quot;:&quot;&quot;,&quot;left&quot;:&quot;&quot;,&quot;isLinked&quot;:true},&quot;element_pack_global_tooltip_padding_tablet&quot;:{&quot;unit&quot;:&quot;px&quot;,&quot;top&quot;:&quot;&quot;,&quot;right&quot;:&quot;&quot;,&quot;bottom&quot;:&quot;&quot;,&quot;left&quot;:&quot;&quot;,&quot;isLinked&quot;:true},&quot;element_pack_global_tooltip_padding_mobile&quot;:{&quot;unit&quot;:&quot;px&quot;,&quot;top&quot;:&quot;&quot;,&quot;right&quot;:&quot;&quot;,&quot;bottom&quot;:&quot;&quot;,&quot;left&quot;:&quot;&quot;,&quot;isLinked&quot;:true},&quot;element_pack_global_tooltip_border_radius&quot;:{&quot;unit&quot;:&quot;px&quot;,&quot;top&quot;:&quot;&quot;,&quot;right&quot;:&quot;&quot;,&quot;bottom&quot;:&quot;&quot;,&quot;left&quot;:&quot;&quot;,&quot;isLinked&quot;:true},&quot;element_pack_global_tooltip_border_radius_tablet&quot;:{&quot;unit&quot;:&quot;px&quot;,&quot;top&quot;:&quot;&quot;,&quot;right&quot;:&quot;&quot;,&quot;bottom&quot;:&quot;&quot;,&quot;left&quot;:&quot;&quot;,&quot;isLinked&quot;:true},&quot;element_pack_global_tooltip_border_radius_mobile&quot;:{&quot;unit&quot;:&quot;px&quot;,&quot;top&quot;:&quot;&quot;,&quot;right&quot;:&quot;&quot;,&quot;bottom&quot;:&quot;&quot;,&quot;left&quot;:&quot;&quot;,&quot;isLinked&quot;:true}}\" data-elementor-post-type=\"page\">\n\t\t\t\t<div class=\"elementor-element elementor-element-2ceea09 e-flex e-con-boxed e-con e-parent\" data-id=\"2ceea09\" data-element_type=\"container\" data-e-type=\"container\" data-settings=\"{&quot;background_background&quot;:&quot;video&quot;,&quot;background_video_link&quot;:&quot;https:\\\/\\\/youtu.be\\\/EG00PbSY1Ik&quot;,&quot;background_play_on_mobile&quot;:&quot;yes&quot;}\">\n\t\t\t\t\t<div class=\"e-con-inner\">\n\t\t<div class=\"elementor-background-video-container\">\n\t\t\t\t\t\t\t<div class=\"elementor-background-video-embed\" role=\"presentation\"><\/div>\n\t\t\t\t\t\t<\/div><div class=\"elementor-element elementor-element-aee895e e-con-full e-flex e-con e-child\" data-id=\"aee895e\" data-element_type=\"container\" data-e-type=\"container\">\n\t\t\t\t<\/div>\n\t\t\t\t\t<\/div>\n\t\t\t\t<\/div>\n\t\t<div class=\"elementor-element elementor-element-b839892 e-flex e-con-boxed e-con e-parent\" data-id=\"b839892\" data-element_type=\"container\" data-e-type=\"container\" data-settings=\"{&quot;background_background&quot;:&quot;classic&quot;}\">\n\t\t\t\t\t<div class=\"e-con-inner\">\n\t\t<div class=\"elementor-element elementor-element-df96ea5 e-con-full e-flex e-con e-child\" data-id=\"df96ea5\" data-element_type=\"container\" data-e-type=\"container\">\n\t\t\t\t<div class=\"elementor-element elementor-element-6a21081 elementor-widget elementor-widget-image\" data-id=\"6a21081\" data-element_type=\"widget\" data-e-type=\"widget\" data-widget_type=\"image.default\">\n\t\t\t\t<div class=\"elementor-widget-container\">\n\t\t\t\t\t\t\t\t\t\t\t\t\t\t\t<img fetchpriority=\"high\" decoding=\"async\" width=\"1147\" height=\"733\" src=\"https:\/\/www.dega.cz\/wp-content\/uploads\/2025\/10\/detekce-1.webp\" class=\"attachment-full size-full wp-image-3033\" alt=\"\" srcset=\"https:\/\/www.dega.cz\/wp-content\/uploads\/2025\/10\/detekce-1.webp 1147w, https:\/\/www.dega.cz\/wp-content\/uploads\/2025\/10\/detekce-1-300x192.webp 300w, https:\/\/www.dega.cz\/wp-content\/uploads\/2025\/10\/detekce-1-1024x654.webp 1024w, https:\/\/www.dega.cz\/wp-content\/uploads\/2025\/10\/detekce-1-768x491.webp 768w\" sizes=\"(max-width: 1147px) 100vw, 1147px\" \/>\t\t\t\t\t\t\t\t\t\t\t\t\t\t\t<\/div>\n\t\t\t\t<\/div>\n\t\t\t\t<div class=\"elementor-element elementor-element-3226470 elementor-widget elementor-widget-heading\" data-id=\"3226470\" data-element_type=\"widget\" data-e-type=\"widget\" data-widget_type=\"heading.default\">\n\t\t\t\t<div class=\"elementor-widget-container\">\n\t\t\t\t\t<h2 class=\"elementor-heading-title elementor-size-default\">Kalibrace sn\u00edma\u010d\u016f a detektor\u016f<\/h2>\t\t\t\t<\/div>\n\t\t\t\t<\/div>\n\t\t\t\t<div class=\"elementor-element elementor-element-453a8a3 elementor-widget elementor-widget-text-editor\" data-id=\"453a8a3\" data-element_type=\"widget\" data-e-type=\"widget\" data-widget_type=\"text-editor.default\">\n\t\t\t\t<div class=\"elementor-widget-container\">\n\t\t\t\t\t\t\t\t\t<p>Spole\u010dnost DEGA CZ nab\u00edz\u00ed pravideln\u00e9 kalibrace detektor\u016f DEGA a kalibrace detektor\u016f od jin\u00fdch v\u00fdrobc\u016f. Kalibraci prov\u00e1d\u00edme u n\u00e1s v laborato\u0159i nebo i p\u0159\u00edmo v m\u00edst\u011b aplikace.<\/p>\t\t\t\t\t\t\t\t<\/div>\n\t\t\t\t<\/div>\n\t\t\t\t<div class=\"elementor-element elementor-element-997b1bd elementor-widget elementor-widget-image\" data-id=\"997b1bd\" data-element_type=\"widget\" data-e-type=\"widget\" data-widget_type=\"image.default\">\n\t\t\t\t<div class=\"elementor-widget-container\">\n\t\t\t\t\t\t\t\t\t\t\t\t\t\t\t\t<a href=\"\/wp-content\/uploads\/2026\/04\/2026_Cenik-servis.pdf\" target=\"_blank\">\n\t\t\t\t\t\t\t<img decoding=\"async\" width=\"249\" height=\"58\" src=\"https:\/\/www.dega.cz\/wp-content\/uploads\/2025\/10\/cenik-2025.webp\" class=\"attachment-full size-full wp-image-3024\" alt=\"\" \/>\t\t\t\t\t\t\t\t<\/a>\n\t\t\t\t\t\t\t\t\t\t\t\t\t\t\t<\/div>\n\t\t\t\t<\/div>\n\t\t\t\t<\/div>\n\t\t<div class=\"elementor-element elementor-element-b8cf20c e-con-full e-flex e-con e-child\" data-id=\"b8cf20c\" data-element_type=\"container\" data-e-type=\"container\">\n\t\t\t\t<div class=\"elementor-element elementor-element-cc8105d elementor-widget elementor-widget-image\" data-id=\"cc8105d\" data-element_type=\"widget\" data-e-type=\"widget\" data-widget_type=\"image.default\">\n\t\t\t\t<div class=\"elementor-widget-container\">\n\t\t\t\t\t\t\t\t\t\t\t\t\t\t\t<img decoding=\"async\" width=\"1147\" height=\"733\" src=\"https:\/\/www.dega.cz\/wp-content\/uploads\/2025\/10\/kontrola-1.webp\" class=\"attachment-full size-full wp-image-3041\" alt=\"\" srcset=\"https:\/\/www.dega.cz\/wp-content\/uploads\/2025\/10\/kontrola-1.webp 1147w, https:\/\/www.dega.cz\/wp-content\/uploads\/2025\/10\/kontrola-1-300x192.webp 300w, https:\/\/www.dega.cz\/wp-content\/uploads\/2025\/10\/kontrola-1-1024x654.webp 1024w, https:\/\/www.dega.cz\/wp-content\/uploads\/2025\/10\/kontrola-1-768x491.webp 768w\" sizes=\"(max-width: 1147px) 100vw, 1147px\" \/>\t\t\t\t\t\t\t\t\t\t\t\t\t\t\t<\/div>\n\t\t\t\t<\/div>\n\t\t\t\t<div class=\"elementor-element elementor-element-c80bcf7 elementor-widget elementor-widget-heading\" data-id=\"c80bcf7\" data-element_type=\"widget\" data-e-type=\"widget\" data-widget_type=\"heading.default\">\n\t\t\t\t<div class=\"elementor-widget-container\">\n\t\t\t\t\t<h2 class=\"elementor-heading-title elementor-size-default\">Funk\u010dn\u00ed kontroly detek\u010dn\u00edch syst\u00e9m\u016f<\/h2>\t\t\t\t<\/div>\n\t\t\t\t<\/div>\n\t\t\t\t<div class=\"elementor-element elementor-element-0b0bba1 elementor-widget elementor-widget-text-editor\" data-id=\"0b0bba1\" data-element_type=\"widget\" data-e-type=\"widget\" data-widget_type=\"text-editor.default\">\n\t\t\t\t<div class=\"elementor-widget-container\">\n\t\t\t\t\t\t\t\t\t<p>Nab\u00edz\u00edme pravideln\u00e9 funk\u010dn\u00ed kontroly detektor\u016f p\u0159\u00edmo v m\u00edst\u011b aplikace.<\/p>\t\t\t\t\t\t\t\t<\/div>\n\t\t\t\t<\/div>\n\t\t\t\t<\/div>\n\t\t<div class=\"elementor-element elementor-element-e2c0f84 e-con-full e-flex e-con e-child\" data-id=\"e2c0f84\" data-element_type=\"container\" data-e-type=\"container\">\n\t\t\t\t<div class=\"elementor-element elementor-element-2e0d978 elementor-widget elementor-widget-image\" data-id=\"2e0d978\" data-element_type=\"widget\" data-e-type=\"widget\" data-widget_type=\"image.default\">\n\t\t\t\t<div class=\"elementor-widget-container\">\n\t\t\t\t\t\t\t\t\t\t\t\t\t\t\t<img loading=\"lazy\" decoding=\"async\" width=\"1147\" height=\"733\" src=\"https:\/\/www.dega.cz\/wp-content\/uploads\/2025\/10\/hlidani-dega_cz-1-1.webp\" class=\"attachment-full size-full wp-image-3040\" alt=\"\" srcset=\"https:\/\/www.dega.cz\/wp-content\/uploads\/2025\/10\/hlidani-dega_cz-1-1.webp 1147w, https:\/\/www.dega.cz\/wp-content\/uploads\/2025\/10\/hlidani-dega_cz-1-1-300x192.webp 300w, https:\/\/www.dega.cz\/wp-content\/uploads\/2025\/10\/hlidani-dega_cz-1-1-1024x654.webp 1024w, https:\/\/www.dega.cz\/wp-content\/uploads\/2025\/10\/hlidani-dega_cz-1-1-768x491.webp 768w\" sizes=\"(max-width: 1147px) 100vw, 1147px\" \/>\t\t\t\t\t\t\t\t\t\t\t\t\t\t\t<\/div>\n\t\t\t\t<\/div>\n\t\t\t\t<div class=\"elementor-element elementor-element-91a71eb elementor-widget elementor-widget-heading\" data-id=\"91a71eb\" data-element_type=\"widget\" data-e-type=\"widget\" data-widget_type=\"heading.default\">\n\t\t\t\t<div class=\"elementor-widget-container\">\n\t\t\t\t\t<h2 class=\"elementor-heading-title elementor-size-default\">Hl\u00edd\u00e1n\u00ed term\u00edn\u016f kalibra\u010dn\u00edch lh\u016ft<\/h2>\t\t\t\t<\/div>\n\t\t\t\t<\/div>\n\t\t\t\t<div class=\"elementor-element elementor-element-b7ae721 elementor-widget elementor-widget-text-editor\" data-id=\"b7ae721\" data-element_type=\"widget\" data-e-type=\"widget\" data-widget_type=\"text-editor.default\">\n\t\t\t\t<div class=\"elementor-widget-container\">\n\t\t\t\t\t\t\t\t\t<p>Slu\u017eba, kterou nab\u00edz\u00edme BEZPLATN\u011a v\u0161em na\u0161im u\u017eivatel\u016fm detektor\u016f. Automaticky informuje v\u0161echny u\u017eivatele o bl\u00ed\u017e\u00edc\u00edm se ukon\u010den\u00ed platnosti kalibrace nebo funk\u010dn\u00ed kontroly. Tato slu\u017eba p\u0159in\u00e1\u0161\u00ed na\u0161im z\u00e1kazn\u00edk\u016fm \u00fasporu \u010dasu a jistotu funk\u010dnosti cel\u00e9ho detek\u010dn\u00edho syst\u00e9mu po celou dobu provozu detektor\u016f.<\/p>\t\t\t\t\t\t\t\t<\/div>\n\t\t\t\t<\/div>\n\t\t\t\t<\/div>\n\t\t\t\t\t<\/div>\n\t\t\t\t<\/div>\n\t\t<div class=\"elementor-element elementor-element-7415e97 e-flex e-con-boxed e-con e-parent\" data-id=\"7415e97\" data-element_type=\"container\" data-e-type=\"container\" data-settings=\"{&quot;background_background&quot;:&quot;classic&quot;}\">\n\t\t\t\t\t<div class=\"e-con-inner\">\n\t\t<div class=\"elementor-element elementor-element-50d5d4b e-con-full e-flex e-con e-child\" data-id=\"50d5d4b\" data-element_type=\"container\" data-e-type=\"container\">\n\t\t\t\t<div class=\"elementor-element elementor-element-97a0596 elementor-widget elementor-widget-image\" data-id=\"97a0596\" data-element_type=\"widget\" data-e-type=\"widget\" data-widget_type=\"image.default\">\n\t\t\t\t<div class=\"elementor-widget-container\">\n\t\t\t\t\t\t\t\t\t\t\t\t\t\t\t<img loading=\"lazy\" decoding=\"async\" width=\"1147\" height=\"733\" src=\"https:\/\/www.dega.cz\/wp-content\/uploads\/2025\/10\/instalace-dega-cz-1.webp\" class=\"attachment-full size-full wp-image-3039\" alt=\"\" srcset=\"https:\/\/www.dega.cz\/wp-content\/uploads\/2025\/10\/instalace-dega-cz-1.webp 1147w, https:\/\/www.dega.cz\/wp-content\/uploads\/2025\/10\/instalace-dega-cz-1-300x192.webp 300w, https:\/\/www.dega.cz\/wp-content\/uploads\/2025\/10\/instalace-dega-cz-1-1024x654.webp 1024w, https:\/\/www.dega.cz\/wp-content\/uploads\/2025\/10\/instalace-dega-cz-1-768x491.webp 768w\" sizes=\"(max-width: 1147px) 100vw, 1147px\" \/>\t\t\t\t\t\t\t\t\t\t\t\t\t\t\t<\/div>\n\t\t\t\t<\/div>\n\t\t\t\t<div class=\"elementor-element elementor-element-0a25a79 elementor-widget elementor-widget-heading\" data-id=\"0a25a79\" data-element_type=\"widget\" data-e-type=\"widget\" data-widget_type=\"heading.default\">\n\t\t\t\t<div class=\"elementor-widget-container\">\n\t\t\t\t\t<h2 class=\"elementor-heading-title elementor-size-default\">Instalace a komplexn\u00ed dod\u00e1vka detek\u010dn\u00edch syst\u00e9m\u016f<\/h2>\t\t\t\t<\/div>\n\t\t\t\t<\/div>\n\t\t\t\t<div class=\"elementor-element elementor-element-fabbf4c elementor-widget elementor-widget-text-editor\" data-id=\"fabbf4c\" data-element_type=\"widget\" data-e-type=\"widget\" data-widget_type=\"text-editor.default\">\n\t\t\t\t<div class=\"elementor-widget-container\">\n\t\t\t\t\t\t\t\t\t<p>Podpora projektant\u016f, realiza\u010dn\u00edch spole\u010dnost\u00ed a z\u00e1kazn\u00edk\u016f p\u0159i n\u00e1vrhu a projektov\u00e1n\u00ed detek\u010dn\u00edch syst\u00e9m\u016f je neodd\u011blitelou sou\u010d\u00e1st\u00ed na\u0161ich slu\u017eeb, kter\u00e9 nab\u00edz\u00edme ZDARMA pro V\u00e1s. Sta\u010d\u00ed se na n\u00e1s obr\u00e1tit s konkr\u00e9tn\u00edm po\u017eadavkem, p\u016fdorysem uva\u017eovan\u00fdch prostor a definici l\u00e1tek , kter\u00e9 je nutn\u00e9 detekovat a mi pro V\u00e1s p\u0159iprav\u00edme kompletn\u00ed podklady. Pravideln\u011b pro V\u00e1s p\u0159ipravujeme \u0160KOLEN\u00cd SERVIS na kter\u00e9 se nev\u00e1hejte p\u0159ihl\u00e1sit.<\/p>\t\t\t\t\t\t\t\t<\/div>\n\t\t\t\t<\/div>\n\t\t\t\t<\/div>\n\t\t<div class=\"elementor-element elementor-element-17c651c e-con-full e-flex e-con e-child\" data-id=\"17c651c\" data-element_type=\"container\" data-e-type=\"container\">\n\t\t\t\t<div class=\"elementor-element elementor-element-5a37496 elementor-widget elementor-widget-image\" data-id=\"5a37496\" data-element_type=\"widget\" data-e-type=\"widget\" data-widget_type=\"image.default\">\n\t\t\t\t<div class=\"elementor-widget-container\">\n\t\t\t\t\t\t\t\t\t\t\t\t\t\t\t<img loading=\"lazy\" decoding=\"async\" width=\"1147\" height=\"733\" src=\"https:\/\/www.dega.cz\/wp-content\/uploads\/2025\/10\/system-dega-cz-1.webp\" class=\"attachment-full size-full wp-image-3038\" alt=\"\" srcset=\"https:\/\/www.dega.cz\/wp-content\/uploads\/2025\/10\/system-dega-cz-1.webp 1147w, https:\/\/www.dega.cz\/wp-content\/uploads\/2025\/10\/system-dega-cz-1-300x192.webp 300w, https:\/\/www.dega.cz\/wp-content\/uploads\/2025\/10\/system-dega-cz-1-1024x654.webp 1024w, https:\/\/www.dega.cz\/wp-content\/uploads\/2025\/10\/system-dega-cz-1-768x491.webp 768w\" sizes=\"(max-width: 1147px) 100vw, 1147px\" \/>\t\t\t\t\t\t\t\t\t\t\t\t\t\t\t<\/div>\n\t\t\t\t<\/div>\n\t\t\t\t<div class=\"elementor-element elementor-element-25ae24d elementor-widget elementor-widget-heading\" data-id=\"25ae24d\" data-element_type=\"widget\" data-e-type=\"widget\" data-widget_type=\"heading.default\">\n\t\t\t\t<div class=\"elementor-widget-container\">\n\t\t\t\t\t<h2 class=\"elementor-heading-title elementor-size-default\">Rekonstrukce detek\u010dn\u00edch syst\u00e9m\u016f<\/h2>\t\t\t\t<\/div>\n\t\t\t\t<\/div>\n\t\t\t\t<div class=\"elementor-element elementor-element-57b4c85 elementor-widget elementor-widget-text-editor\" data-id=\"57b4c85\" data-element_type=\"widget\" data-e-type=\"widget\" data-widget_type=\"text-editor.default\">\n\t\t\t\t<div class=\"elementor-widget-container\">\n\t\t\t\t\t\t\t\t\t<p>Nab\u00edz\u00edme pro V\u00e1s kompletn\u00ed rekonstrukci st\u00e1vaj\u00edc\u00edch detek\u010dn\u00edch syst\u00e9m\u016f dle platn\u00fdch z\u00e1konn\u00fdch a normativn\u00edch po\u017eadavk\u016f, a to od n\u00e1vrhu a\u017e po samotnou realizaci.<\/p>\t\t\t\t\t\t\t\t<\/div>\n\t\t\t\t<\/div>\n\t\t\t\t<\/div>\n\t\t<div class=\"elementor-element elementor-element-6dec2a3 e-con-full e-flex e-con e-child\" data-id=\"6dec2a3\" data-element_type=\"container\" data-e-type=\"container\">\n\t\t\t\t<div class=\"elementor-element elementor-element-e5ac49b elementor-widget elementor-widget-image\" data-id=\"e5ac49b\" data-element_type=\"widget\" data-e-type=\"widget\" data-widget_type=\"image.default\">\n\t\t\t\t<div class=\"elementor-widget-container\">\n\t\t\t\t\t\t\t\t\t\t\t\t\t\t\t<img loading=\"lazy\" decoding=\"async\" width=\"1147\" height=\"733\" src=\"https:\/\/www.dega.cz\/wp-content\/uploads\/2025\/10\/vyvoj-dega-cz-1.webp\" class=\"attachment-full size-full wp-image-3037\" alt=\"\" srcset=\"https:\/\/www.dega.cz\/wp-content\/uploads\/2025\/10\/vyvoj-dega-cz-1.webp 1147w, https:\/\/www.dega.cz\/wp-content\/uploads\/2025\/10\/vyvoj-dega-cz-1-300x192.webp 300w, https:\/\/www.dega.cz\/wp-content\/uploads\/2025\/10\/vyvoj-dega-cz-1-1024x654.webp 1024w, https:\/\/www.dega.cz\/wp-content\/uploads\/2025\/10\/vyvoj-dega-cz-1-768x491.webp 768w\" sizes=\"(max-width: 1147px) 100vw, 1147px\" \/>\t\t\t\t\t\t\t\t\t\t\t\t\t\t\t<\/div>\n\t\t\t\t<\/div>\n\t\t\t\t<div class=\"elementor-element elementor-element-50e301b elementor-widget elementor-widget-heading\" data-id=\"50e301b\" data-element_type=\"widget\" data-e-type=\"widget\" data-widget_type=\"heading.default\">\n\t\t\t\t<div class=\"elementor-widget-container\">\n\t\t\t\t\t<h2 class=\"elementor-heading-title elementor-size-default\">Zak\u00e1zkov\u00fd v\u00fdvoj a v\u00fdroba<\/h2>\t\t\t\t<\/div>\n\t\t\t\t<\/div>\n\t\t\t\t<div class=\"elementor-element elementor-element-34b34d0 elementor-widget elementor-widget-text-editor\" data-id=\"34b34d0\" data-element_type=\"widget\" data-e-type=\"widget\" data-widget_type=\"text-editor.default\">\n\t\t\t\t<div class=\"elementor-widget-container\">\n\t\t\t\t\t\t\t\t\t<p>Jako jedin\u00fd v\u00fdrobce v \u010cesk\u00e9 a Slovensk\u00e9 republice na\u0161e v\u00fdvojov\u00e9 odd\u011blen\u00ed nab\u00edz\u00ed pro OEM z\u00e1kazn\u00edky v\u00fdvoj a n\u00e1vrh detek\u010dn\u00edho syst\u00e9mu na m\u00edru \u2013 od samotn\u00e9ho n\u00e1vrhu, zkou\u0161en\u00ed, certifikace a uveden\u00ed do provozu s hromadnou v\u00fdrobou.<\/p>\t\t\t\t\t\t\t\t<\/div>\n\t\t\t\t<\/div>\n\t\t\t\t<\/div>\n\t\t\t\t\t<\/div>\n\t\t\t\t<\/div>\n\t\t<div class=\"elementor-element elementor-element-c17a0b4 e-flex e-con-boxed e-con e-parent\" data-id=\"c17a0b4\" data-element_type=\"container\" data-e-type=\"container\" data-settings=\"{&quot;background_background&quot;:&quot;classic&quot;}\">\n\t\t\t\t\t<div class=\"e-con-inner\">\n\t\t<div class=\"elementor-element elementor-element-93c6f0c e-con-full e-flex e-con e-child\" data-id=\"93c6f0c\" data-element_type=\"container\" data-e-type=\"container\">\n\t\t\t\t<div class=\"elementor-element elementor-element-7c278a5 elementor-widget elementor-widget-image\" data-id=\"7c278a5\" data-element_type=\"widget\" data-e-type=\"widget\" data-widget_type=\"image.default\">\n\t\t\t\t<div class=\"elementor-widget-container\">\n\t\t\t\t\t\t\t\t\t\t\t\t\t\t\t<img loading=\"lazy\" decoding=\"async\" width=\"1147\" height=\"733\" src=\"https:\/\/www.dega.cz\/wp-content\/uploads\/2025\/10\/navrh-dega-1.webp\" class=\"attachment-full size-full wp-image-3036\" alt=\"\" srcset=\"https:\/\/www.dega.cz\/wp-content\/uploads\/2025\/10\/navrh-dega-1.webp 1147w, https:\/\/www.dega.cz\/wp-content\/uploads\/2025\/10\/navrh-dega-1-300x192.webp 300w, https:\/\/www.dega.cz\/wp-content\/uploads\/2025\/10\/navrh-dega-1-1024x654.webp 1024w, https:\/\/www.dega.cz\/wp-content\/uploads\/2025\/10\/navrh-dega-1-768x491.webp 768w\" sizes=\"(max-width: 1147px) 100vw, 1147px\" \/>\t\t\t\t\t\t\t\t\t\t\t\t\t\t\t<\/div>\n\t\t\t\t<\/div>\n\t\t\t\t<div class=\"elementor-element elementor-element-59e4f76 elementor-widget elementor-widget-heading\" data-id=\"59e4f76\" data-element_type=\"widget\" data-e-type=\"widget\" data-widget_type=\"heading.default\">\n\t\t\t\t<div class=\"elementor-widget-container\">\n\t\t\t\t\t<h2 class=\"elementor-heading-title elementor-size-default\">Projektov\u00e1n\u00ed a n\u00e1vrh syst\u00e9m\u016f detekce<\/h2>\t\t\t\t<\/div>\n\t\t\t\t<\/div>\n\t\t\t\t<div class=\"elementor-element elementor-element-37ad222 elementor-widget elementor-widget-text-editor\" data-id=\"37ad222\" data-element_type=\"widget\" data-e-type=\"widget\" data-widget_type=\"text-editor.default\">\n\t\t\t\t<div class=\"elementor-widget-container\">\n\t\t\t\t\t\t\t\t\t<p>Podpora projektant\u016f, realiza\u010dn\u00edch spole\u010dnost\u00ed a z\u00e1kazn\u00edk\u016f p\u0159i n\u00e1vrhu a projektov\u00e1n\u00ed detek\u010dn\u00edch syst\u00e9m\u016f je neodd\u011blitelnou sou\u010d\u00e1st\u00ed na\u0161ich slu\u017eeb, kter\u00e9 nab\u00edz\u00edme ZDARMA pro V\u00e1s. Sta\u010d\u00ed se na n\u00e1s obr\u00e1tit s konkr\u00e9tn\u00edm po\u017eadavkem, p\u016fdorysem uva\u017eovan\u00fdch prostor a definici l\u00e1tek , kter\u00e9 je nutn\u00e9 detekovat a mi pro V\u00e1s p\u0159iprav\u00edme kompletn\u00ed podklady. Pravideln\u011b pro V\u00e1s p\u0159ipravujeme \u0160KOLEN\u00cd PROJEKTOV\u00c1N\u00cd na kter\u00e9 se nev\u00e1hejte p\u0159ihl\u00e1sit.<\/p>\t\t\t\t\t\t\t\t<\/div>\n\t\t\t\t<\/div>\n\t\t\t\t<\/div>\n\t\t<div class=\"elementor-element elementor-element-bd0129a e-con-full e-flex e-con e-child\" data-id=\"bd0129a\" data-element_type=\"container\" data-e-type=\"container\">\n\t\t\t\t<div class=\"elementor-element elementor-element-1aaed32 elementor-widget elementor-widget-image\" data-id=\"1aaed32\" data-element_type=\"widget\" data-e-type=\"widget\" data-widget_type=\"image.default\">\n\t\t\t\t<div class=\"elementor-widget-container\">\n\t\t\t\t\t\t\t\t\t\t\t\t\t\t\t<img loading=\"lazy\" decoding=\"async\" width=\"1147\" height=\"733\" src=\"https:\/\/www.dega.cz\/wp-content\/uploads\/2025\/10\/servis-dega-cz-1.webp\" class=\"attachment-full size-full wp-image-3035\" alt=\"\" srcset=\"https:\/\/www.dega.cz\/wp-content\/uploads\/2025\/10\/servis-dega-cz-1.webp 1147w, https:\/\/www.dega.cz\/wp-content\/uploads\/2025\/10\/servis-dega-cz-1-300x192.webp 300w, https:\/\/www.dega.cz\/wp-content\/uploads\/2025\/10\/servis-dega-cz-1-1024x654.webp 1024w, https:\/\/www.dega.cz\/wp-content\/uploads\/2025\/10\/servis-dega-cz-1-768x491.webp 768w\" sizes=\"(max-width: 1147px) 100vw, 1147px\" \/>\t\t\t\t\t\t\t\t\t\t\t\t\t\t\t<\/div>\n\t\t\t\t<\/div>\n\t\t\t\t<div class=\"elementor-element elementor-element-cd15b0d elementor-widget elementor-widget-heading\" data-id=\"cd15b0d\" data-element_type=\"widget\" data-e-type=\"widget\" data-widget_type=\"heading.default\">\n\t\t\t\t<div class=\"elementor-widget-container\">\n\t\t\t\t\t<h2 class=\"elementor-heading-title elementor-size-default\">Servis a oprava sn\u00edma\u010d\u016f \/ detektor\u016f \/ \u010didel<\/h2>\t\t\t\t<\/div>\n\t\t\t\t<\/div>\n\t\t\t\t<div class=\"elementor-element elementor-element-8de13cb elementor-widget elementor-widget-text-editor\" data-id=\"8de13cb\" data-element_type=\"widget\" data-e-type=\"widget\" data-widget_type=\"text-editor.default\">\n\t\t\t\t<div class=\"elementor-widget-container\">\n\t\t\t\t\t\t\t\t\t<p>Spole\u010dnost DEGA CZ v\u00e1m nab\u00edz\u00ed servis a opravy sn\u00edma\u010d\u016f, \u00fast\u0159eden a ve\u0161ker\u00fdch prvk\u016f detekce plyn\u016f v\u010detn\u011b p\u0159\u00edpadn\u00fdch n\u00e1hrad za nov\u00e9 syst\u00e9my s dodr\u017een\u00fdm st\u00e1vaj\u00edc\u00edch po\u017eadavk\u016f na detekci plyn\u016f<\/p>\t\t\t\t\t\t\t\t<\/div>\n\t\t\t\t<\/div>\n\t\t\t\t<\/div>\n\t\t<div class=\"elementor-element elementor-element-1cc428b e-con-full e-flex e-con e-child\" data-id=\"1cc428b\" data-element_type=\"container\" data-e-type=\"container\">\n\t\t\t\t<div class=\"elementor-element elementor-element-68870ff elementor-widget elementor-widget-image\" data-id=\"68870ff\" data-element_type=\"widget\" data-e-type=\"widget\" data-widget_type=\"image.default\">\n\t\t\t\t<div class=\"elementor-widget-container\">\n\t\t\t\t\t\t\t\t\t\t\t\t\t\t\t\t<a href=\"https:\/\/www.dega.cz\/fr\/skoleni\/\">\n\t\t\t\t\t\t\t<img loading=\"lazy\" decoding=\"async\" width=\"1147\" height=\"733\" src=\"https:\/\/www.dega.cz\/wp-content\/uploads\/2025\/10\/skoleni.webp\" class=\"attachment-full size-full wp-image-3025\" alt=\"\" srcset=\"https:\/\/www.dega.cz\/wp-content\/uploads\/2025\/10\/skoleni.webp 1147w, https:\/\/www.dega.cz\/wp-content\/uploads\/2025\/10\/skoleni-300x192.webp 300w, https:\/\/www.dega.cz\/wp-content\/uploads\/2025\/10\/skoleni-1024x654.webp 1024w, https:\/\/www.dega.cz\/wp-content\/uploads\/2025\/10\/skoleni-768x491.webp 768w\" sizes=\"(max-width: 1147px) 100vw, 1147px\" \/>\t\t\t\t\t\t\t\t<\/a>\n\t\t\t\t\t\t\t\t\t\t\t\t\t\t\t<\/div>\n\t\t\t\t<\/div>\n\t\t\t\t<div class=\"elementor-element elementor-element-d728774 elementor-widget elementor-widget-heading\" data-id=\"d728774\" data-element_type=\"widget\" data-e-type=\"widget\" data-widget_type=\"heading.default\">\n\t\t\t\t<div class=\"elementor-widget-container\">\n\t\t\t\t\t<h2 class=\"elementor-heading-title elementor-size-default\"><a href=\"https:\/\/www.dega.cz\/fr\/skoleni\/\">\u0160kolen\u00ed<\/a><\/h2>\t\t\t\t<\/div>\n\t\t\t\t<\/div>\n\t\t\t\t<div class=\"elementor-element elementor-element-3776451 elementor-widget elementor-widget-text-editor\" data-id=\"3776451\" data-element_type=\"widget\" data-e-type=\"widget\" data-widget_type=\"text-editor.default\">\n\t\t\t\t<div class=\"elementor-widget-container\">\n\t\t\t\t\t\t\t\t\t<p class=\"translation-block\">Spole\u010dnost DEGA CZ s.r.o. poskytuje \u0161kolen\u00ed zam\u011b\u0159en\u00e1 na profesion\u00e1ln\u00ed projektov\u00e1n\u00ed a technickou podporu.<br>Na\u0161i zku\u0161en\u00ed kolegov\u00e9 V\u00e1m p\u0159edaj\u00ed nejen teoretick\u00e9 znalosti, ale i praktick\u00e9 dovednosti pot\u0159ebn\u00e9 pro efektivn\u00ed instalaci a servis na\u0161ich syst\u00e9m\u016f.<\/p>\t\t\t\t\t\t\t\t<\/div>\n\t\t\t\t<\/div>\n\t\t\t\t<\/div>\n\t\t\t\t\t<\/div>\n\t\t\t\t<\/div>\n\t\t\t\t<\/div>","protected":false},"excerpt":{"rendered":"<p>Kalibrace sn\u00edma\u010d\u016f a detektor\u016f Spole\u010dnost DEGA CZ nab\u00edz\u00ed pravideln\u00e9 kalibrace detektor\u016f DEGA a kalibrace detektor\u016f od jin\u00fdch v\u00fdrobc\u016f. Kalibraci prov\u00e1d\u00edme u n\u00e1s v laborato\u0159i nebo i p\u0159\u00edmo v m\u00edst\u011b aplikace. Funk\u010dn\u00ed kontroly detek\u010dn\u00edch syst\u00e9m\u016f Nab\u00edz\u00edme pravideln\u00e9 funk\u010dn\u00ed kontroly detektor\u016f p\u0159\u00edmo v m\u00edst\u011b aplikace. Hl\u00edd\u00e1n\u00ed term\u00edn\u016f kalibra\u010dn\u00edch lh\u016ft Slu\u017eba, kterou nab\u00edz\u00edme BEZPLATN\u011a v\u0161em na\u0161im u\u017eivatel\u016fm detektor\u016f. [&hellip;]<\/p>\n","protected":false},"author":1,"featured_media":0,"parent":0,"menu_order":0,"comment_status":"closed","ping_status":"closed","template":"elementor_header_footer","meta":{"footnotes":""},"class_list":["post-3022","page","type-page","status-publish","hentry"],"_links":{"self":[{"href":"https:\/\/www.dega.cz\/fr\/wp-json\/wp\/v2\/pages\/3022","targetHints":{"allow":["GET"]}}],"collection":[{"href":"https:\/\/www.dega.cz\/fr\/wp-json\/wp\/v2\/pages"}],"about":[{"href":"https:\/\/www.dega.cz\/fr\/wp-json\/wp\/v2\/types\/page"}],"author":[{"embeddable":true,"href":"https:\/\/www.dega.cz\/fr\/wp-json\/wp\/v2\/users\/1"}],"replies":[{"embeddable":true,"href":"https:\/\/www.dega.cz\/fr\/wp-json\/wp\/v2\/comments?post=3022"}],"version-history":[{"count":3,"href":"https:\/\/www.dega.cz\/fr\/wp-json\/wp\/v2\/pages\/3022\/revisions"}],"predecessor-version":[{"id":6103,"href":"https:\/\/www.dega.cz\/fr\/wp-json\/wp\/v2\/pages\/3022\/revisions\/6103"}],"wp:attachment":[{"href":"https:\/\/www.dega.cz\/fr\/wp-json\/wp\/v2\/media?parent=3022"}],"curies":[{"name":"wp","href":"https:\/\/api.w.org\/{rel}","templated":true}]}}