{"id":4456,"date":"2026-02-12T12:40:55","date_gmt":"2026-02-12T11:40:55","guid":{"rendered":"https:\/\/www.dega.cz\/?page_id=4456"},"modified":"2026-02-12T12:42:29","modified_gmt":"2026-02-12T11:42:29","slug":"ochrana-osobnich-udaju","status":"publish","type":"page","link":"https:\/\/www.dega.cz\/en\/ochrana-osobnich-udaju\/","title":{"rendered":"Privacy policy - GDPR"},"content":{"rendered":"<div data-elementor-type=\"wp-page\" data-elementor-id=\"4456\" class=\"elementor elementor-4456\" data-elementor-settings=\"{&quot;element_pack_global_tooltip_width&quot;:{&quot;unit&quot;:&quot;px&quot;,&quot;size&quot;:&quot;&quot;,&quot;sizes&quot;:[]},&quot;element_pack_global_tooltip_width_tablet&quot;:{&quot;unit&quot;:&quot;px&quot;,&quot;size&quot;:&quot;&quot;,&quot;sizes&quot;:[]},&quot;element_pack_global_tooltip_width_mobile&quot;:{&quot;unit&quot;:&quot;px&quot;,&quot;size&quot;:&quot;&quot;,&quot;sizes&quot;:[]},&quot;element_pack_global_tooltip_padding&quot;:{&quot;unit&quot;:&quot;px&quot;,&quot;top&quot;:&quot;&quot;,&quot;right&quot;:&quot;&quot;,&quot;bottom&quot;:&quot;&quot;,&quot;left&quot;:&quot;&quot;,&quot;isLinked&quot;:true},&quot;element_pack_global_tooltip_padding_tablet&quot;:{&quot;unit&quot;:&quot;px&quot;,&quot;top&quot;:&quot;&quot;,&quot;right&quot;:&quot;&quot;,&quot;bottom&quot;:&quot;&quot;,&quot;left&quot;:&quot;&quot;,&quot;isLinked&quot;:true},&quot;element_pack_global_tooltip_padding_mobile&quot;:{&quot;unit&quot;:&quot;px&quot;,&quot;top&quot;:&quot;&quot;,&quot;right&quot;:&quot;&quot;,&quot;bottom&quot;:&quot;&quot;,&quot;left&quot;:&quot;&quot;,&quot;isLinked&quot;:true},&quot;element_pack_global_tooltip_border_radius&quot;:{&quot;unit&quot;:&quot;px&quot;,&quot;top&quot;:&quot;&quot;,&quot;right&quot;:&quot;&quot;,&quot;bottom&quot;:&quot;&quot;,&quot;left&quot;:&quot;&quot;,&quot;isLinked&quot;:true},&quot;element_pack_global_tooltip_border_radius_tablet&quot;:{&quot;unit&quot;:&quot;px&quot;,&quot;top&quot;:&quot;&quot;,&quot;right&quot;:&quot;&quot;,&quot;bottom&quot;:&quot;&quot;,&quot;left&quot;:&quot;&quot;,&quot;isLinked&quot;:true},&quot;element_pack_global_tooltip_border_radius_mobile&quot;:{&quot;unit&quot;:&quot;px&quot;,&quot;top&quot;:&quot;&quot;,&quot;right&quot;:&quot;&quot;,&quot;bottom&quot;:&quot;&quot;,&quot;left&quot;:&quot;&quot;,&quot;isLinked&quot;:true}}\" data-elementor-post-type=\"page\">\n\t\t\t\t<div class=\"elementor-element elementor-element-2ceea09 e-flex e-con-boxed e-con e-parent\" data-id=\"2ceea09\" data-element_type=\"container\" data-e-type=\"container\" data-settings=\"{&quot;background_background&quot;:&quot;video&quot;,&quot;background_video_link&quot;:&quot;https:\\\/\\\/youtu.be\\\/EG00PbSY1Ik&quot;,&quot;background_play_on_mobile&quot;:&quot;yes&quot;}\">\n\t\t\t\t\t<div class=\"e-con-inner\">\n\t\t<div class=\"elementor-background-video-container\">\n\t\t\t\t\t\t\t<div class=\"elementor-background-video-embed\" role=\"presentation\"><\/div>\n\t\t\t\t\t\t<\/div><div class=\"elementor-element elementor-element-aee895e e-con-full e-flex e-con e-child\" data-id=\"aee895e\" data-element_type=\"container\" data-e-type=\"container\">\n\t\t\t\t<\/div>\n\t\t\t\t\t<\/div>\n\t\t\t\t<\/div>\n\t\t<div class=\"elementor-element elementor-element-b5ac3b1 e-flex e-con-boxed e-con e-parent\" data-id=\"b5ac3b1\" data-element_type=\"container\" data-e-type=\"container\" data-settings=\"{&quot;background_background&quot;:&quot;classic&quot;}\">\n\t\t\t\t\t<div class=\"e-con-inner\">\n\t\t\t\t<div class=\"elementor-element elementor-element-d99bd32 elementor-widget elementor-widget-text-editor\" data-id=\"d99bd32\" data-element_type=\"widget\" data-e-type=\"widget\" data-widget_type=\"text-editor.default\">\n\t\t\t\t<div class=\"elementor-widget-container\">\n\t\t\t\t\t\t\t\t\t<section class=\"elementor-section elementor-top-section elementor-element elementor-element-cea4153 elementor-section-boxed elementor-section-height-default elementor-section-height-default\" data-id=\"cea4153\" data-element_type=\"section\" data-e-type=\"section\"><div class=\"elementor-container elementor-column-gap-default\"><div class=\"elementor-column elementor-col-100 elementor-top-column elementor-element elementor-element-94ab50b\" data-id=\"94ab50b\" data-element_type=\"column\" data-e-type=\"column\"><div class=\"elementor-widget-wrap elementor-element-populated\"><div class=\"elementor-element elementor-element-01cd7a4 elementor-widget elementor-widget-text-editor\" data-id=\"01cd7a4\" data-element_type=\"widget\" data-e-type=\"widget\" data-widget_type=\"text-editor.default\"><div class=\"elementor-widget-container\"><section class=\"wd-negative-gap elementor-section elementor-top-section elementor-element elementor-element-cea4153 elementor-section-boxed elementor-section-height-default elementor-section-height-default wd-section-disabled\" data-particle_enable=\"false\" data-particle-mobile-disabled=\"false\" data-id=\"cea4153\" data-element_type=\"section\"><div class=\"elementor-container elementor-column-gap-default\"><div class=\"elementor-column elementor-col-100 elementor-top-column elementor-element elementor-element-94ab50b\" data-id=\"94ab50b\" data-element_type=\"column\"><div class=\"elementor-widget-wrap elementor-element-populated\"><div class=\"elementor-element elementor-element-15e06a8 elementor-widget elementor-widget-wd_text_block\" data-id=\"15e06a8\" data-element_type=\"widget\" data-widget_type=\"wd_text_block.default\"><div class=\"elementor-widget-container\"><div class=\"wd-text-block reset-last-child text-left\"><div class=\"fusion-column-wrapper fusion-flex-justify-content-flex-start fusion-content-layout-column\"><div class=\"fusion-text fusion-text-1\"><p>S osobn\u00edmi \u00fadaji nakl\u00e1d\u00e1me v souladu s platn\u00fdmi pr\u00e1vn\u00edmi p\u0159edpisy. Ochranu osobn\u00edch \u00fadaj\u016f zaji\u0161\u0165ujeme zejm\u00e9na v souladu s na\u0159\u00edzen\u00edm (EU) 2016\/679 \u2013 obecn\u00fdm na\u0159\u00edzen\u00edm o ochran\u011b osobn\u00edch \u00fadaj\u016f neboli GDPR (General Data Protection Regulation). GDPR plat\u00ed v cel\u00e9 EU jednotn\u011b od 25. kv\u011btna 2018 a v\u00a0souladu s\u00a0platnou pr\u00e1vn\u00ed \u00fapravou.<\/p><p><strong>Z\u00e1kladn\u00ed z\u00e1sady<\/strong><\/p><p>Obecn\u011b Va\u0161e osobn\u00ed \u00fadaje zpracov\u00e1v\u00e1me v\u017edy jen v rozsahu, kter\u00fd je nezbytn\u00fd pro dan\u00fd \u00fa\u010del. Osobn\u00ed \u00fadaje lze rozd\u011blit do dvou skupin \u2013 osobn\u00ed \u00fadaje, kter\u00e9 m\u016f\u017eeme zpracov\u00e1vat bez Va\u0161eho souhlasu, a osobn\u00ed \u00fadaje, kter\u00e9 bez Va\u0161eho souhlasu zpracov\u00e1vat nem\u016f\u017eeme.<br \/>SHROMA\u017d\u010eOVAN\u00c9 \u00daDAJE, kter\u00e9 zpracov\u00e1v\u00e1me bez Va\u0161eho souhlasu:<\/p><ul><li>\u00dadaje, kter\u00e9 jsou nezbytn\u00e9 k pln\u011bn\u00ed na\u0161\u00ed z\u00e1konn\u00e9 povinnosti (nap\u0159. z\u00e1kon o \u00fa\u010detnictv\u00ed),<\/li><li>\u00dadaje, kter\u00e9 jsou pot\u0159ebn\u00e9 k pln\u011bn\u00ed smluv, kter\u00e9 s V\u00e1mi uzav\u00edr\u00e1me (Identifika\u010dn\u00ed \u00fadaje \u2013 osobn\u00ed \u00fadaje slou\u017e\u00edc\u00ed k Va\u0161\u00ed jednozna\u010dn\u00e9 a nezam\u011bniteln\u00e9 identifikaci, nap\u0159. jm\u00e9no, p\u0159\u00edjmen\u00ed, titul, datum narozen\u00ed, adresa bydli\u0161t\u011b; Kontaktn\u00ed \u00fadaje umo\u017e\u0148uj\u00edc\u00ed V\u00e1s kontaktovat, nap\u0159. telefonn\u00ed \u010d\u00edslo, e-mailov\u00e1 adresa, kontaktn\u00ed adresa<\/li><li>p\u0159ihla\u0161ovac\u00ed \u00fadaje k na\u0161emu webu nebo aplikac\u00edm (login, heslo atd.).<\/li><li>\u00dadaje o n\u00e1kupech a na\u0161\u00ed obchodn\u00ed spolupr\u00e1ci, nap\u0159. historie n\u00e1kup\u016f, platebn\u00ed \u00fadaje, bankovn\u00ed spojen\u00ed, platebn\u00ed karta, atd.<\/li><li>s\u00ed\u0165ov\u00e9 identifik\u00e1tory v souvislosti s vyu\u017e\u00edv\u00e1n\u00edm webov\u00fdch slu\u017eeb a aplikac\u00ed \u2013 p\u0159i vyu\u017e\u00edv\u00e1n\u00ed na\u0161ich webov\u00fdch str\u00e1nek, aplikac\u00ed pou\u017e\u00edv\u00e1me ke shroma\u017e\u010fov\u00e1n\u00ed a ukl\u00e1d\u00e1n\u00ed informac\u00ed r\u016fzn\u00e9 technologie k identifikaci Va\u0161eho prohl\u00ed\u017ee\u010de a za\u0159\u00edzen\u00ed (soubory cookies a podobn\u00e9 technologie), shroma\u017e\u010fujeme \u00fadaje o za\u0159\u00edzen\u00ed (nap\u0159. IP adresa \u010di jin\u00e9 jedine\u010dn\u00e9 identifik\u00e1tory Va\u0161eho za\u0159\u00edzen\u00ed, model hardware, verze opera\u010dn\u00edho syst\u00e9mu, \u00fadaje o mobiln\u00ed s\u00edti, protokoly server\u016f, adresa internetov\u00e9ho protokolu, datum a \u010das Va\u0161eho po\u017eadavku), \u00fadaje o poloze (IP adresa, syst\u00e9m GPS, p\u0159\u00edstupov\u00e9 body s\u00edt\u011b WI-FI nebo vys\u00edla\u010d mobiln\u00edch s\u00edt\u00ed).<\/li><li>dal\u0161\u00ed \u00fadaje, jejich\u017e zpracov\u00e1n\u00ed na\u0161\u00ed spole\u010dnosti ukl\u00e1d\u00e1 pr\u00e1vn\u00ed p\u0159edpis \u010cesk\u00e9 republiky nebo Evropsk\u00e9 unie.<\/li><\/ul><p>V ostatn\u00edch p\u0159\u00edpadech \u00fadaje zpracov\u00e1v\u00e1me na z\u00e1klad\u011b Va\u0161eho souhlasu.<br \/>Osobn\u00ed \u00fadaje zpracov\u00e1v\u00e1me tak, aby byly n\u00e1le\u017eit\u011b zabezpe\u010deny p\u0159ed neopr\u00e1vn\u011bn\u00fdm p\u0159\u00edstupem k \u00fadaj\u016fm, n\u00e1hodnou ztr\u00e1tou, zni\u010den\u00edm, nebo po\u0161kozen\u00edm.<br \/>Osobn\u00ed \u00fadaje uchov\u00e1v\u00e1me pouze po nezbytn\u011b nutnou dobu a archivujeme dle z\u00e1konn\u00fdch lh\u016ft, kter\u00e9 n\u00e1m ukl\u00e1daj\u00ed pr\u00e1vn\u00ed p\u0159edpisy. Po ztr\u00e1t\u011b d\u016fvodu pro zpracov\u00e1n\u00ed \u010di uplynut\u00ed doby nezbytn\u00e9ho zpracov\u00e1n\u00ed prov\u00e1d\u00edme v\u00fdmaz p\u0159\u00edslu\u0161n\u00fdch osobn\u00edch \u00fadaj\u016f.<\/p><p>SHROMA\u017d\u010eOVAN\u00c9 \u00daDAJE, kter\u00e9 zpracov\u00e1v\u00e1me pouze se souhlasem:<br \/>Na\u0161e spole\u010dnost v\u00a0n\u011bkter\u00fdch p\u0159\u00edpadech zpracov\u00e1v\u00e1 v\u00fd\u0161e uveden\u00e9 \u00fadaje nebo\u00a0i dal\u0161\u00ed \u00fadaje na\u00a0z\u00e1klad\u011b Va\u0161eho souhlasu. V takov\u00fdch p\u0159\u00edpadech je p\u0159esn\u00fd rozsah zpracov\u00e1van\u00fdch osobn\u00edch \u00fadaj\u016f uveden v\u00a0souhlasu, kter\u00fd\u00a0jste podepsali. V takov\u00fdch p\u0159\u00edpadech m\u00e1te v\u017edy mo\u017enost tento souhlas odvolat.<br \/>V souladu s\u00a0platnou pr\u00e1vn\u00ed \u00fapravou shroma\u017e\u010fujeme a\u00a0zpracov\u00e1v\u00e1me osobn\u00ed \u00fadaje pro\u00a0p\u0159edem ur\u010den\u00fd \u00fa\u010del a\u00a0jen v\u00a0rozsahu nezbytn\u00e9m pro\u00a0napln\u011bn\u00ed tohoto \u00fa\u010delu.<\/p><p><strong>Osobn\u00ed \u00fadaje zpracov\u00e1van\u00e9 prost\u0159ednictv\u00edm internetov\u00fdch str\u00e1nek<\/strong><\/p><ul><li><strong>Cookies<\/strong> \u2013 Cookies jsou n\u00e1strojem, jak zajistit funk\u010dnost webu pro konkr\u00e9tn\u00edho u\u017eivatele. \u00dadaje o cookies, o tom, jak\u00e9 shroma\u017e\u010fujeme a k jak\u00fdm \u00fa\u010del\u016fm, v\u010detn\u011b n\u00e1vodu, jak m\u016f\u017eete zamezit jejich ukl\u00e1d\u00e1n\u00ed, bli\u017e\u0161\u00ed informace naleznete zde: http:\/\/dega.co.com\/en\/cookies\/<\/li><li><strong>\u00dadaje o produktech<\/strong> \u2013 Pokud se rozhodnete zakoupit si produkt zpracov\u00e1v\u00e1me Va\u0161e \u00fadaje, kter\u00e9 n\u00e1m v r\u00e1mci toho poskytnete. Rovn\u011b\u017e pokud projev\u00edte z\u00e1jem o na\u0161i \u010dinnost a poskytnete n\u00e1m v t\u00e9 souvislosti Va\u0161e \u00fadaje, budeme je zpracov\u00e1vat za \u00fa\u010delem komunikace s V\u00e1mi. Doba zpracov\u00e1n\u00ed \u00fadaj\u016f je v t\u011bchto p\u0159\u00edpadech omezena dobou 1 roku po uplynut\u00ed z\u00e1ru\u010dn\u00ed hity produktu nebo posledn\u00edho kontaktu s V\u00e1mi (nen\u00ed-li v konkr\u00e9tn\u00edm p\u0159\u00edpad\u011b uvedeno jinak).<\/li><li><strong>\u00dadaje o osob\u00e1ch p\u0159ihla\u0161uj\u00edc\u00edch se do n\u011bjak\u00e9ho programu, aktivity apod.<\/strong> \u2013 V p\u0159\u00edpad\u011b, kdy se rozhodnete p\u0159ihl\u00e1sit se prost\u0159ednictv\u00edm n\u011bkter\u00e9 z n\u00e1mi provozovan\u00fdch internetov\u00fdch str\u00e1nek, do n\u011bjak\u00e9ho programu, aktivity apod., zpracov\u00e1v\u00e1me Va\u0161e \u00fadaje, kter\u00e9 n\u00e1m v r\u00e1mci p\u0159ihl\u00e1\u0161ky poskytnete. Zpracov\u00e1n\u00ed v t\u011bchto p\u0159\u00edpadech prob\u00edh\u00e1 v\u017edy po dobu realizace a d\u00e1le po dobu ur\u010denou jednotliv\u011b podle povahy konkr\u00e9tn\u00edho programu, aktivity apod.<\/li><li><strong>\u00dadaje o osob\u00e1ch p\u0159ihla\u0161uj\u00edc\u00edch se k odb\u011bru informa\u010dn\u00edch materi\u00e1l\u016f<\/strong> \u2013 V p\u0159\u00edpad\u011b, kdy se rozhodnete p\u0159ihl\u00e1sit se prost\u0159ednictv\u00edm n\u011bkter\u00e9 z n\u00e1mi provozovan\u00fdch internetov\u00fdch str\u00e1nek, k odb\u011bru newsletteru \u010di jin\u00e9ho informa\u010dn\u00edho materi\u00e1lu, vy\u017eadujeme V\u00e1\u0161 souhlas se zpracov\u00e1n\u00edm poskytnut\u00fdch kontaktn\u00edch \u00fadaj\u016f (obvykle e-mail). Doba zpracov\u00e1n\u00ed je v t\u011bchto p\u0159\u00edpadech omezena na dobu vyd\u00e1v\u00e1n\u00ed dan\u00e9ho informa\u010dn\u00edho materi\u00e1lu.<\/li><\/ul><p><strong>Zp\u016fsob ochrany Va\u0161ich \u00fadaj\u016f<\/strong><br \/>Na\u0161e spole\u010dnost v\u00a0souladu s\u00a0platnou pr\u00e1vn\u00ed \u00fapravou zabezpe\u010duje osobn\u00ed \u00fadaje, se kter\u00fdmi nakl\u00e1d\u00e1, pomoc\u00ed ve\u0161ker\u00fdch vhodn\u00fdch technick\u00fdch a\u00a0organiza\u010dn\u00edch opat\u0159en\u00ed, aby s\u00a0p\u0159ihl\u00e9dnut\u00edm k\u00a0povaze, rozsahu a\u00a0\u00fa\u010del\u016fm zpracov\u00e1n\u00ed a\u00a0k pravd\u011bpodobn\u00fdm rizik\u016fm zajistila nejvy\u0161\u0161\u00ed mo\u017enou \u00farove\u0148 ochrany. M\u00e1me zavedeny bezpe\u010dnostn\u00ed a\u00a0kontroln\u00ed mechanismy ve\u00a0snaze zabr\u00e1nit neopr\u00e1vn\u011bn\u00e9mu p\u0159\u00edstupu nebo\u00a0p\u0159enosu \u00fadaj\u016f, jejich ztr\u00e1t\u011b, zni\u010den\u00ed nebo\u00a0jin\u00e9mu mo\u017en\u00e9mu zneu\u017eit\u00ed.<br \/>Na\u0161i zam\u011bstnanci jsou v\u00e1z\u00e1ni povinnost\u00ed ml\u010denlivosti. Pokud \u00fadaje p\u0159ed\u00e1v\u00e1me t\u0159et\u00edm osob\u00e1m, pak jsou i\u00a0tyto osoby zav\u00e1z\u00e1ny z\u00e1konnou nebo\u00a0smluvn\u00ed povinnost\u00ed ml\u010denlivosti.<\/p><p><strong>Zpracovatel\u00e9 osobn\u00edch \u00fadaj\u016f<\/strong><br \/>Va\u0161e \u00fadaje neprod\u00e1v\u00e1me ani jinak nep\u0159ed\u00e1v\u00e1me dal\u0161\u00edm stran\u00e1m vyjma smluvn\u00edch partner\u016f, kte\u0159\u00ed n\u00e1m komunikaci s V\u00e1mi umo\u017e\u0148uj\u00ed, a vyjma situace, kdy m\u00e1me pr\u00e1vn\u00ed povinnost Va\u0161e \u00fadaje p\u0159edat jin\u00e9 osob\u011b. V\u011bt\u0161inu \u010dinnost\u00ed zpracov\u00e1n\u00ed prov\u00e1d\u00ed na\u0161e spole\u010dnost pomoc\u00ed vlastn\u00edch sil, v n\u011bkter\u00fdch p\u0159\u00edpadech vyu\u017e\u00edv\u00e1me slu\u017eeb t\u0159et\u00edch osob (d\u00e1le jen \u201ezpracovatel\u00e9\u201c). Sna\u017e\u00edme se vyb\u00edrat jen takov\u00e9 specialisty, kte\u0159\u00ed jsou dostate\u010dn\u011b d\u016fv\u011bryhodn\u00ed a zabezpe\u010duj\u00ed p\u0159ed\u00e1van\u00e9 osobn\u00ed \u00fadaje. Zpracovatel\u00e9 se smluvn\u011b zav\u00e1zali poskytovat alespo\u0148 stejnou \u00farove\u0148 ochrany p\u0159edan\u00fdch osobn\u00edch \u00fadaj\u016f, jakou poskytuje na\u0161e spole\u010dnost. Sou\u010dasn\u011b zpracovatele zavazujeme k povinnosti ml\u010denlivosti. Zpracovatel je opr\u00e1vn\u011bn nakl\u00e1dat s p\u0159edan\u00fdmi \u00fadaji v\u00fdhradn\u011b pro \u00fa\u010dely v\u00fdkonu \u010dinnosti, kterou byl na\u0161\u00ed spole\u010dnost\u00ed pov\u011b\u0159en. Pokud vyu\u017e\u00edv\u00e1me cloudov\u00e1 ulo\u017ei\u0161t\u011b, jsou tato um\u00edst\u011bna v r\u00e1mci EU a je tak zaji\u0161t\u011bna \u00farove\u0148 ochrany vy\u017eadovan\u00e1 platnou pr\u00e1vn\u00ed \u00fapravou.<\/p><p>Zpracovateli jsou:<\/p><ul><li>poskytovatel\u00e9 IT slu\u017eeb, aplikac\u00ed a cloudov\u00fdch ulo\u017ei\u0161\u0165<\/li><li>poskytovatel\u00e9 \u00fa\u010detn\u00edch slu\u017eeb na\u0161ich poradc\u016f<\/li><li>poskytovatel\u00e9 archiva\u010dn\u00edch slu\u017eeb<\/li><li>subjekty vym\u00e1haj\u00edc\u00ed na\u0161e pohled\u00e1vky<\/li><li>marketingov\u00e9 agentury<\/li><li>st\u00e1tn\u00ed org\u00e1ny, respektive dal\u0161\u00edm subjekt\u016fm v p\u0159\u00edpadech, kdy to na\u0161\u00ed spole\u010dnosti ukl\u00e1d\u00e1 pr\u00e1vn\u00ed p\u0159edpis (nap\u0159\u00edklad org\u00e1ny st\u00e1tn\u00ed spr\u00e1vy, org\u00e1ny dohledu, org\u00e1ny \u010dinn\u00e9 v trestn\u00edm \u0159\u00edzen\u00ed, soudy, exekuto\u0159i, not\u00e1\u0159i, insolven\u010dn\u00ed spr\u00e1vci).<\/li><\/ul><p>S Va\u0161im souhlasem\u00a0nebo na V\u00e1\u0161 p\u0159\u00edkaz mohou b\u00fdt Va\u0161e osobn\u00ed \u00fadaje poskytnuty i dal\u0161\u00edm subjekt\u016fm.<br \/>Va\u0161e osobn\u00ed \u00fadaje zpracov\u00e1v\u00e1me po\u00a0dobu nezbytnou pro\u00a0spln\u011bn\u00ed \u00fa\u010delu, pro\u00a0kter\u00fd byly shrom\u00e1\u017ed\u011bny nebo\u00a0navazuj\u00edc\u00edho jin\u00e9ho \u00fa\u010delu. Pokud pr\u00e1vn\u00ed p\u0159edpis p\u0159\u00edmo\u00a0nestanov\u00ed konkr\u00e9tn\u00ed dobu, po\u00a0kterou mus\u00ed b\u00fdt osobn\u00ed \u00fadaje zpracov\u00e1ny, m\u00e1me za\u00a0to, \u017ee \u00fa\u010del zpracov\u00e1n\u00ed trv\u00e1 po\u00a0dobu, kdy z\u00a0t\u00e9to \u010dinnosti zpracov\u00e1n\u00ed hroz\u00ed uplatn\u011bn\u00ed pr\u00e1vn\u00edch n\u00e1rok\u016f (zpravidla desetilet\u00e1 proml\u010dec\u00ed lh\u016fta) a\u00a0je\u0161t\u011b jeden kalend\u00e1\u0159n\u00ed rok po\u00a0z\u00e1niku v\u0161ech hroz\u00edc\u00edch pr\u00e1vn\u00edch n\u00e1rok\u016f, tj. v\u00a0p\u0159\u00edpad\u011b smlouvy zpravidla 11 let po\u00a0z\u00e1niku smluvn\u00edho vztahu.<br \/>Pro \u00fa\u010dely zas\u00edl\u00e1n\u00ed obchodn\u00edch sd\u011blen\u00ed bude na\u0161e spole\u010dnost zpracov\u00e1vat Va\u0161e kontaktn\u00ed \u00fadaje po\u00a0dobu, ne\u017e partner vyj\u00e1d\u0159\u00ed s\u00a0takov\u00fdm zas\u00edl\u00e1n\u00edm nesouhlas. I pak ale\u00a0budeme opr\u00e1vn\u011bni zpracov\u00e1vat z\u00e1kladn\u00ed \u00fadaje o\u00a0tom, pro\u010d jsme obchodn\u00ed sd\u011blen\u00ed zas\u00edlali, po\u00a0p\u0159im\u011b\u0159enou dobu k\u00a0prok\u00e1z\u00e1n\u00ed opr\u00e1vn\u011bnosti takov\u00e9ho zas\u00edl\u00e1n\u00ed.<\/p><p><strong>Va\u0161e z\u00e1kladn\u00ed pr\u00e1va<\/strong><\/p><p>Na\u0161e spole\u010dnost je povinna poskytnout V\u00e1m stru\u010dn\u011b, transparentn\u011b a\u00a0srozumiteln\u011b informace uveden\u00e9 v\u00a0tomto dokumentu. Pokud V\u00e1m kter\u00e9koliv ustanoven\u00ed t\u011bchto z\u00e1sad nen\u00ed jasn\u00e9 nebo\u00a0nen\u00ed pro\u00a0V\u00e1s zcela srozumiteln\u00e9, nev\u00e1hejte se na\u00a0n\u00e1s obr\u00e1tit. Kontakty na\u00a0na\u0161i spole\u010dnost jsou uvedeny v\u00a0z\u00e1v\u011bru tohoto dokumentu. Na\u0161i zam\u011bstnanci V\u00e1m ochotn\u011b poskytnou vysv\u011btlen\u00ed nebo\u00a0dopl\u0148uj\u00edc\u00ed informace<\/p><ul><li>pr\u00e1vo po\u017eadovat informaci, jak\u00e9 Va\u0161e osobn\u00ed \u00fadaje zpracov\u00e1v\u00e1me,<\/li><li>pr\u00e1vo po\u017eadovat po n\u00e1s vysv\u011btlen\u00ed ohledn\u011b zpracov\u00e1n\u00ed osobn\u00edch \u00fadaj\u016f,<\/li><li>pr\u00e1vo vy\u017e\u00e1dat si u n\u00e1s p\u0159\u00edstup k t\u011bmto \u00fadaj\u016fm a tyto nechat aktualizovat nebo opravit, p\u0159\u00edpadn\u011b omezit a pr\u00e1vo vzn\u00e9st n\u00e1mitku proti zpracov\u00e1n\u00ed,<\/li><li>v p\u0159\u00edpad\u011b automatizovan\u00e9ho zpracov\u00e1n\u00ed osobn\u00edch \u00fadaj\u016f m\u00e1te pr\u00e1vo na p\u0159enositelnost \u00fadaj\u016f,<\/li><li>pr\u00e1vo vz\u00edt souhlas (v p\u0159\u00edpadech, kdy je zpracov\u00e1n\u00ed zalo\u017eeno na souhlasu) kdykoliv zp\u011bt, a to nap\u0159\u00edklad zasl\u00e1n\u00edm emailu nebo dopisu na kontaktn\u00ed \u00fadaje n\u00ed\u017ee uveden\u00e9,<\/li><li>pr\u00e1vo po\u017eadovat po n\u00e1s v\u00fdmaz osobn\u00edch \u00fadaj\u016f (jsme povinni vyhov\u011bt V\u00e1m, pokud nemus\u00edme \u00fadaje zpracov\u00e1vat pro pln\u011bn\u00ed z\u00e1konn\u00e9 povinnosti),<\/li><li>pr\u00e1vo v p\u0159\u00edpad\u011b pochybnost\u00ed o dodr\u017eov\u00e1n\u00ed povinnost\u00ed souvisej\u00edc\u00edch se zpracov\u00e1n\u00edm osobn\u00edch \u00fadaj\u016f obr\u00e1tit se na n\u00e1s nebo na \u00da\u0159ad pro ochranu osobn\u00edch \u00fadaj\u016f.<\/li><\/ul><p>V\u00a0p\u0159\u00edpad\u011b uplatn\u011bn\u00ed pr\u00e1v po V\u00e1s m\u016f\u017eeme po\u017eadovat ov\u011b\u0159en\u00ed Va\u0161\u00ed identity.<\/p><p><strong>Spr\u00e1vcem osobn\u00edch \u00fadaj\u016f:<\/strong><\/p><p>DEGA CZ s.r.o.<br \/>Malesicka 2850\/22c<br \/>130 00 Praha 3<br \/>\u010cesk\u00e1 republika<br \/>EVROPA<br \/>Spole\u010dnost DEGA CZ s. r. o. je zaps\u00e1na u obchodn\u00edm rejst\u0159\u00edku M\u011bstsk\u00e9ho soudu v Praze, odd\u00edl C, vlo\u017eka 125371<br \/>Kontaktn\u00ed \u00fadaje:<br \/>E-mailem: <a href=\"mailto:GDPR@dega.cz\">GDPR@dega.cz<\/a><br \/>Telefon:\u00a0+420 212 812 520<\/p><\/div><\/div><\/div><\/div><\/div><\/div><\/div><\/div><\/section><\/div><\/div><\/div><\/div><\/div><\/section>\t\t\t\t\t\t\t\t<\/div>\n\t\t\t\t<\/div>\n\t\t\t\t\t<\/div>\n\t\t\t\t<\/div>\n\t\t\t\t<section class=\"elementor-section elementor-top-section elementor-element elementor-element-f24121d elementor-section-full_width elementor-section-stretched elementor-section-height-default elementor-section-height-default\" data-id=\"f24121d\" data-element_type=\"section\" data-e-type=\"section\" data-settings=\"{&quot;stretch_section&quot;:&quot;section-stretched&quot;}\">\n\t\t\t\t\t\t<div class=\"elementor-container elementor-column-gap-no\">\n\t\t\t\t\t<div class=\"elementor-column elementor-col-100 elementor-top-column elementor-element elementor-element-f4ca7ac\" data-id=\"f4ca7ac\" data-element_type=\"column\" data-e-type=\"column\">\n\t\t\t<div class=\"elementor-widget-wrap elementor-element-populated\">\n\t\t\t\t\t\t<div class=\"elementor-element elementor-element-bb12f73 elementor-widget elementor-widget-spacer\" data-id=\"bb12f73\" data-element_type=\"widget\" data-e-type=\"widget\" data-widget_type=\"spacer.default\">\n\t\t\t\t<div class=\"elementor-widget-container\">\n\t\t\t\t\t\t\t<div class=\"elementor-spacer\">\n\t\t\t<div class=\"elementor-spacer-inner\"><\/div>\n\t\t<\/div>\n\t\t\t\t\t\t<\/div>\n\t\t\t\t<\/div>\n\t\t\t\t\t<\/div>\n\t\t<\/div>\n\t\t\t\t\t<\/div>\n\t\t<\/section>\n\t\t\t\t<section class=\"elementor-section elementor-top-section elementor-element elementor-element-0e2b4a0 elementor-section-full_width elementor-section-stretched elementor-section-height-default elementor-section-height-default\" data-id=\"0e2b4a0\" data-element_type=\"section\" data-e-type=\"section\" data-settings=\"{&quot;stretch_section&quot;:&quot;section-stretched&quot;}\">\n\t\t\t\t\t\t<div class=\"elementor-container elementor-column-gap-no\">\n\t\t\t\t\t<div class=\"elementor-column elementor-col-100 elementor-top-column elementor-element elementor-element-aec26e0\" data-id=\"aec26e0\" data-element_type=\"column\" data-e-type=\"column\">\n\t\t\t<div class=\"elementor-widget-wrap\">\n\t\t\t\t\t\t\t<\/div>\n\t\t<\/div>\n\t\t\t\t\t<\/div>\n\t\t<\/section>\n\t\t\t\t<\/div>","protected":false},"excerpt":{"rendered":"<p>S osobn\u00edmi \u00fadaji nakl\u00e1d\u00e1me v souladu s platn\u00fdmi pr\u00e1vn\u00edmi p\u0159edpisy. Ochranu osobn\u00edch \u00fadaj\u016f zaji\u0161\u0165ujeme zejm\u00e9na v souladu s na\u0159\u00edzen\u00edm (EU) 2016\/679 \u2013 obecn\u00fdm na\u0159\u00edzen\u00edm o ochran\u011b osobn\u00edch \u00fadaj\u016f neboli GDPR (General Data Protection Regulation). GDPR plat\u00ed v cel\u00e9 EU jednotn\u011b od 25. kv\u011btna 2018 a v\u00a0souladu s\u00a0platnou pr\u00e1vn\u00ed \u00fapravou. Z\u00e1kladn\u00ed z\u00e1sady Obecn\u011b Va\u0161e osobn\u00ed \u00fadaje [&hellip;]<\/p>\n","protected":false},"author":1,"featured_media":0,"parent":0,"menu_order":0,"comment_status":"closed","ping_status":"closed","template":"elementor_header_footer","meta":{"footnotes":""},"class_list":["post-4456","page","type-page","status-publish","hentry"],"_links":{"self":[{"href":"https:\/\/www.dega.cz\/en\/wp-json\/wp\/v2\/pages\/4456","targetHints":{"allow":["GET"]}}],"collection":[{"href":"https:\/\/www.dega.cz\/en\/wp-json\/wp\/v2\/pages"}],"about":[{"href":"https:\/\/www.dega.cz\/en\/wp-json\/wp\/v2\/types\/page"}],"author":[{"embeddable":true,"href":"https:\/\/www.dega.cz\/en\/wp-json\/wp\/v2\/users\/1"}],"replies":[{"embeddable":true,"href":"https:\/\/www.dega.cz\/en\/wp-json\/wp\/v2\/comments?post=4456"}],"version-history":[{"count":0,"href":"https:\/\/www.dega.cz\/en\/wp-json\/wp\/v2\/pages\/4456\/revisions"}],"wp:attachment":[{"href":"https:\/\/www.dega.cz\/en\/wp-json\/wp\/v2\/media?parent=4456"}],"curies":[{"name":"wp","href":"https:\/\/api.w.org\/{rel}","templated":true}]}}