{"id":3022,"date":"2025-10-01T12:35:19","date_gmt":"2025-10-01T10:35:19","guid":{"rendered":"https:\/\/dega.cz\/?page_id=3022"},"modified":"2026-04-17T09:32:11","modified_gmt":"2026-04-17T07:32:11","slug":"sluzby","status":"publish","type":"page","link":"https:\/\/www.dega.cz\/en\/sluzby\/","title":{"rendered":"Services"},"content":{"rendered":"<div data-elementor-type=\"wp-page\" data-elementor-id=\"3022\" class=\"elementor elementor-3022\" data-elementor-settings=\"{&quot;element_pack_global_tooltip_width&quot;:{&quot;unit&quot;:&quot;px&quot;,&quot;size&quot;:&quot;&quot;,&quot;sizes&quot;:[]},&quot;element_pack_global_tooltip_width_tablet&quot;:{&quot;unit&quot;:&quot;px&quot;,&quot;size&quot;:&quot;&quot;,&quot;sizes&quot;:[]},&quot;element_pack_global_tooltip_width_mobile&quot;:{&quot;unit&quot;:&quot;px&quot;,&quot;size&quot;:&quot;&quot;,&quot;sizes&quot;:[]},&quot;element_pack_global_tooltip_padding&quot;:{&quot;unit&quot;:&quot;px&quot;,&quot;top&quot;:&quot;&quot;,&quot;right&quot;:&quot;&quot;,&quot;bottom&quot;:&quot;&quot;,&quot;left&quot;:&quot;&quot;,&quot;isLinked&quot;:true},&quot;element_pack_global_tooltip_padding_tablet&quot;:{&quot;unit&quot;:&quot;px&quot;,&quot;top&quot;:&quot;&quot;,&quot;right&quot;:&quot;&quot;,&quot;bottom&quot;:&quot;&quot;,&quot;left&quot;:&quot;&quot;,&quot;isLinked&quot;:true},&quot;element_pack_global_tooltip_padding_mobile&quot;:{&quot;unit&quot;:&quot;px&quot;,&quot;top&quot;:&quot;&quot;,&quot;right&quot;:&quot;&quot;,&quot;bottom&quot;:&quot;&quot;,&quot;left&quot;:&quot;&quot;,&quot;isLinked&quot;:true},&quot;element_pack_global_tooltip_border_radius&quot;:{&quot;unit&quot;:&quot;px&quot;,&quot;top&quot;:&quot;&quot;,&quot;right&quot;:&quot;&quot;,&quot;bottom&quot;:&quot;&quot;,&quot;left&quot;:&quot;&quot;,&quot;isLinked&quot;:true},&quot;element_pack_global_tooltip_border_radius_tablet&quot;:{&quot;unit&quot;:&quot;px&quot;,&quot;top&quot;:&quot;&quot;,&quot;right&quot;:&quot;&quot;,&quot;bottom&quot;:&quot;&quot;,&quot;left&quot;:&quot;&quot;,&quot;isLinked&quot;:true},&quot;element_pack_global_tooltip_border_radius_mobile&quot;:{&quot;unit&quot;:&quot;px&quot;,&quot;top&quot;:&quot;&quot;,&quot;right&quot;:&quot;&quot;,&quot;bottom&quot;:&quot;&quot;,&quot;left&quot;:&quot;&quot;,&quot;isLinked&quot;:true}}\" data-elementor-post-type=\"page\">\n\t\t\t\t<div class=\"elementor-element elementor-element-2ceea09 e-flex e-con-boxed e-con e-parent\" data-id=\"2ceea09\" data-element_type=\"container\" data-e-type=\"container\" data-settings=\"{&quot;background_background&quot;:&quot;video&quot;,&quot;background_video_link&quot;:&quot;https:\\\/\\\/youtu.be\\\/EG00PbSY1Ik&quot;,&quot;background_play_on_mobile&quot;:&quot;yes&quot;}\">\n\t\t\t\t\t<div class=\"e-con-inner\">\n\t\t<div class=\"elementor-background-video-container\">\n\t\t\t\t\t\t\t<div class=\"elementor-background-video-embed\" role=\"presentation\"><\/div>\n\t\t\t\t\t\t<\/div><div class=\"elementor-element elementor-element-aee895e e-con-full e-flex e-con e-child\" data-id=\"aee895e\" data-element_type=\"container\" data-e-type=\"container\">\n\t\t\t\t<\/div>\n\t\t\t\t\t<\/div>\n\t\t\t\t<\/div>\n\t\t<div class=\"elementor-element elementor-element-b839892 e-flex e-con-boxed e-con e-parent\" data-id=\"b839892\" data-element_type=\"container\" data-e-type=\"container\" data-settings=\"{&quot;background_background&quot;:&quot;classic&quot;}\">\n\t\t\t\t\t<div class=\"e-con-inner\">\n\t\t<div class=\"elementor-element elementor-element-df96ea5 e-con-full e-flex e-con e-child\" data-id=\"df96ea5\" data-element_type=\"container\" data-e-type=\"container\">\n\t\t\t\t<div class=\"elementor-element elementor-element-6a21081 elementor-widget elementor-widget-image\" data-id=\"6a21081\" data-element_type=\"widget\" data-e-type=\"widget\" data-widget_type=\"image.default\">\n\t\t\t\t<div class=\"elementor-widget-container\">\n\t\t\t\t\t\t\t\t\t\t\t\t\t\t\t<img fetchpriority=\"high\" decoding=\"async\" width=\"1147\" height=\"733\" src=\"https:\/\/www.dega.cz\/wp-content\/uploads\/2025\/10\/detekce-1.webp\" class=\"attachment-full size-full wp-image-3033\" alt=\"\" srcset=\"https:\/\/www.dega.cz\/wp-content\/uploads\/2025\/10\/detekce-1.webp 1147w, https:\/\/www.dega.cz\/wp-content\/uploads\/2025\/10\/detekce-1-300x192.webp 300w, https:\/\/www.dega.cz\/wp-content\/uploads\/2025\/10\/detekce-1-1024x654.webp 1024w, https:\/\/www.dega.cz\/wp-content\/uploads\/2025\/10\/detekce-1-768x491.webp 768w\" sizes=\"(max-width: 1147px) 100vw, 1147px\" \/>\t\t\t\t\t\t\t\t\t\t\t\t\t\t\t<\/div>\n\t\t\t\t<\/div>\n\t\t\t\t<div class=\"elementor-element elementor-element-3226470 elementor-widget elementor-widget-heading\" data-id=\"3226470\" data-element_type=\"widget\" data-e-type=\"widget\" data-widget_type=\"heading.default\">\n\t\t\t\t<div class=\"elementor-widget-container\">\n\t\t\t\t\t<h2 class=\"elementor-heading-title elementor-size-default\">Calibration of sensors and detectors<\/h2>\t\t\t\t<\/div>\n\t\t\t\t<\/div>\n\t\t\t\t<div class=\"elementor-element elementor-element-453a8a3 elementor-widget elementor-widget-text-editor\" data-id=\"453a8a3\" data-element_type=\"widget\" data-e-type=\"widget\" data-widget_type=\"text-editor.default\">\n\t\t\t\t<div class=\"elementor-widget-container\">\n\t\t\t\t\t\t\t\t\t<p>We offer regular calibrations of DEGA detectors and calibrations of detectors from other manufacturers. We perform the calibration in our laboratory or directly at the place of application.<\/p>\t\t\t\t\t\t\t\t<\/div>\n\t\t\t\t<\/div>\n\t\t\t\t<div class=\"elementor-element elementor-element-997b1bd elementor-widget elementor-widget-image\" data-id=\"997b1bd\" data-element_type=\"widget\" data-e-type=\"widget\" data-widget_type=\"image.default\">\n\t\t\t\t<div class=\"elementor-widget-container\">\n\t\t\t\t\t\t\t\t\t\t\t\t\t\t\t\t<a href=\"\/wp-content\/uploads\/2026\/04\/2026_Cenik-servis.pdf\" target=\"_blank\">\n\t\t\t\t\t\t\t<img decoding=\"async\" width=\"249\" height=\"58\" src=\"https:\/\/www.dega.cz\/wp-content\/uploads\/2025\/10\/cenik-2025.webp\" class=\"attachment-full size-full wp-image-3024\" alt=\"\" \/>\t\t\t\t\t\t\t\t<\/a>\n\t\t\t\t\t\t\t\t\t\t\t\t\t\t\t<\/div>\n\t\t\t\t<\/div>\n\t\t\t\t<\/div>\n\t\t<div class=\"elementor-element elementor-element-b8cf20c e-con-full e-flex e-con e-child\" data-id=\"b8cf20c\" data-element_type=\"container\" data-e-type=\"container\">\n\t\t\t\t<div class=\"elementor-element elementor-element-cc8105d elementor-widget elementor-widget-image\" data-id=\"cc8105d\" data-element_type=\"widget\" data-e-type=\"widget\" data-widget_type=\"image.default\">\n\t\t\t\t<div class=\"elementor-widget-container\">\n\t\t\t\t\t\t\t\t\t\t\t\t\t\t\t<img decoding=\"async\" width=\"1147\" height=\"733\" src=\"https:\/\/www.dega.cz\/wp-content\/uploads\/2025\/10\/kontrola-1.webp\" class=\"attachment-full size-full wp-image-3041\" alt=\"\" srcset=\"https:\/\/www.dega.cz\/wp-content\/uploads\/2025\/10\/kontrola-1.webp 1147w, https:\/\/www.dega.cz\/wp-content\/uploads\/2025\/10\/kontrola-1-300x192.webp 300w, https:\/\/www.dega.cz\/wp-content\/uploads\/2025\/10\/kontrola-1-1024x654.webp 1024w, https:\/\/www.dega.cz\/wp-content\/uploads\/2025\/10\/kontrola-1-768x491.webp 768w\" sizes=\"(max-width: 1147px) 100vw, 1147px\" \/>\t\t\t\t\t\t\t\t\t\t\t\t\t\t\t<\/div>\n\t\t\t\t<\/div>\n\t\t\t\t<div class=\"elementor-element elementor-element-c80bcf7 elementor-widget elementor-widget-heading\" data-id=\"c80bcf7\" data-element_type=\"widget\" data-e-type=\"widget\" data-widget_type=\"heading.default\">\n\t\t\t\t<div class=\"elementor-widget-container\">\n\t\t\t\t\t<h2 class=\"elementor-heading-title elementor-size-default\">Functional checks of detection systems<\/h2>\t\t\t\t<\/div>\n\t\t\t\t<\/div>\n\t\t\t\t<div class=\"elementor-element elementor-element-0b0bba1 elementor-widget elementor-widget-text-editor\" data-id=\"0b0bba1\" data-element_type=\"widget\" data-e-type=\"widget\" data-widget_type=\"text-editor.default\">\n\t\t\t\t<div class=\"elementor-widget-container\">\n\t\t\t\t\t\t\t\t\t<p>We offer regular functional inspections of detectors directly at the application site.<\/p>\t\t\t\t\t\t\t\t<\/div>\n\t\t\t\t<\/div>\n\t\t\t\t<\/div>\n\t\t<div class=\"elementor-element elementor-element-e2c0f84 e-con-full e-flex e-con e-child\" data-id=\"e2c0f84\" data-element_type=\"container\" data-e-type=\"container\">\n\t\t\t\t<div class=\"elementor-element elementor-element-2e0d978 elementor-widget elementor-widget-image\" data-id=\"2e0d978\" data-element_type=\"widget\" data-e-type=\"widget\" data-widget_type=\"image.default\">\n\t\t\t\t<div class=\"elementor-widget-container\">\n\t\t\t\t\t\t\t\t\t\t\t\t\t\t\t<img loading=\"lazy\" decoding=\"async\" width=\"1147\" height=\"733\" src=\"https:\/\/www.dega.cz\/wp-content\/uploads\/2025\/10\/hlidani-dega_cz-1-1.webp\" class=\"attachment-full size-full wp-image-3040\" alt=\"\" srcset=\"https:\/\/www.dega.cz\/wp-content\/uploads\/2025\/10\/hlidani-dega_cz-1-1.webp 1147w, https:\/\/www.dega.cz\/wp-content\/uploads\/2025\/10\/hlidani-dega_cz-1-1-300x192.webp 300w, https:\/\/www.dega.cz\/wp-content\/uploads\/2025\/10\/hlidani-dega_cz-1-1-1024x654.webp 1024w, https:\/\/www.dega.cz\/wp-content\/uploads\/2025\/10\/hlidani-dega_cz-1-1-768x491.webp 768w\" sizes=\"(max-width: 1147px) 100vw, 1147px\" \/>\t\t\t\t\t\t\t\t\t\t\t\t\t\t\t<\/div>\n\t\t\t\t<\/div>\n\t\t\t\t<div class=\"elementor-element elementor-element-91a71eb elementor-widget elementor-widget-heading\" data-id=\"91a71eb\" data-element_type=\"widget\" data-e-type=\"widget\" data-widget_type=\"heading.default\">\n\t\t\t\t<div class=\"elementor-widget-container\">\n\t\t\t\t\t<h2 class=\"elementor-heading-title elementor-size-default\">Guarding the terms of calibration periods<\/h2>\t\t\t\t<\/div>\n\t\t\t\t<\/div>\n\t\t\t\t<div class=\"elementor-element elementor-element-b7ae721 elementor-widget elementor-widget-text-editor\" data-id=\"b7ae721\" data-element_type=\"widget\" data-e-type=\"widget\" data-widget_type=\"text-editor.default\">\n\t\t\t\t<div class=\"elementor-widget-container\">\n\t\t\t\t\t\t\t\t\t<p>It is a service that we offer FREE of charge to all our detector users. It automatically informs all users of the impending expiration of calibration or functional check. This service saves our customers\u2019 time and assures the functionality of the entire detection system throughout the operation of the detectors.<\/p>\t\t\t\t\t\t\t\t<\/div>\n\t\t\t\t<\/div>\n\t\t\t\t<\/div>\n\t\t\t\t\t<\/div>\n\t\t\t\t<\/div>\n\t\t<div class=\"elementor-element elementor-element-7415e97 e-flex e-con-boxed e-con e-parent\" data-id=\"7415e97\" data-element_type=\"container\" data-e-type=\"container\" data-settings=\"{&quot;background_background&quot;:&quot;classic&quot;}\">\n\t\t\t\t\t<div class=\"e-con-inner\">\n\t\t<div class=\"elementor-element elementor-element-50d5d4b e-con-full e-flex e-con e-child\" data-id=\"50d5d4b\" data-element_type=\"container\" data-e-type=\"container\">\n\t\t\t\t<div class=\"elementor-element elementor-element-97a0596 elementor-widget elementor-widget-image\" data-id=\"97a0596\" data-element_type=\"widget\" data-e-type=\"widget\" data-widget_type=\"image.default\">\n\t\t\t\t<div class=\"elementor-widget-container\">\n\t\t\t\t\t\t\t\t\t\t\t\t\t\t\t<img loading=\"lazy\" decoding=\"async\" width=\"1147\" height=\"733\" src=\"https:\/\/www.dega.cz\/wp-content\/uploads\/2025\/10\/instalace-dega-cz-1.webp\" class=\"attachment-full size-full wp-image-3039\" alt=\"\" srcset=\"https:\/\/www.dega.cz\/wp-content\/uploads\/2025\/10\/instalace-dega-cz-1.webp 1147w, https:\/\/www.dega.cz\/wp-content\/uploads\/2025\/10\/instalace-dega-cz-1-300x192.webp 300w, https:\/\/www.dega.cz\/wp-content\/uploads\/2025\/10\/instalace-dega-cz-1-1024x654.webp 1024w, https:\/\/www.dega.cz\/wp-content\/uploads\/2025\/10\/instalace-dega-cz-1-768x491.webp 768w\" sizes=\"(max-width: 1147px) 100vw, 1147px\" \/>\t\t\t\t\t\t\t\t\t\t\t\t\t\t\t<\/div>\n\t\t\t\t<\/div>\n\t\t\t\t<div class=\"elementor-element elementor-element-0a25a79 elementor-widget elementor-widget-heading\" data-id=\"0a25a79\" data-element_type=\"widget\" data-e-type=\"widget\" data-widget_type=\"heading.default\">\n\t\t\t\t<div class=\"elementor-widget-container\">\n\t\t\t\t\t<h2 class=\"elementor-heading-title elementor-size-default\">Installation and comprehensive supply of detection systems<\/h2>\t\t\t\t<\/div>\n\t\t\t\t<\/div>\n\t\t\t\t<div class=\"elementor-element elementor-element-fabbf4c elementor-widget elementor-widget-text-editor\" data-id=\"fabbf4c\" data-element_type=\"widget\" data-e-type=\"widget\" data-widget_type=\"text-editor.default\">\n\t\t\t\t<div class=\"elementor-widget-container\">\n\t\t\t\t\t\t\t\t\t<p>Support for designers, implementation companies, and customers when designing and planning of detection systems is an integral part of our services, which we offer for FREE to you. All you have to do is contact us with a specific request, the floor plan of the space under consideration, and the definition of the substances that need to be detected, and we will prepare complete documents for you. We regularly prepare SERVICE TRAINING for you, for which you do not hesitate to sign up.<\/p>\t\t\t\t\t\t\t\t<\/div>\n\t\t\t\t<\/div>\n\t\t\t\t<\/div>\n\t\t<div class=\"elementor-element elementor-element-17c651c e-con-full e-flex e-con e-child\" data-id=\"17c651c\" data-element_type=\"container\" data-e-type=\"container\">\n\t\t\t\t<div class=\"elementor-element elementor-element-5a37496 elementor-widget elementor-widget-image\" data-id=\"5a37496\" data-element_type=\"widget\" data-e-type=\"widget\" data-widget_type=\"image.default\">\n\t\t\t\t<div class=\"elementor-widget-container\">\n\t\t\t\t\t\t\t\t\t\t\t\t\t\t\t<img loading=\"lazy\" decoding=\"async\" width=\"1147\" height=\"733\" src=\"https:\/\/www.dega.cz\/wp-content\/uploads\/2025\/10\/system-dega-cz-1.webp\" class=\"attachment-full size-full wp-image-3038\" alt=\"\" srcset=\"https:\/\/www.dega.cz\/wp-content\/uploads\/2025\/10\/system-dega-cz-1.webp 1147w, https:\/\/www.dega.cz\/wp-content\/uploads\/2025\/10\/system-dega-cz-1-300x192.webp 300w, https:\/\/www.dega.cz\/wp-content\/uploads\/2025\/10\/system-dega-cz-1-1024x654.webp 1024w, https:\/\/www.dega.cz\/wp-content\/uploads\/2025\/10\/system-dega-cz-1-768x491.webp 768w\" sizes=\"(max-width: 1147px) 100vw, 1147px\" \/>\t\t\t\t\t\t\t\t\t\t\t\t\t\t\t<\/div>\n\t\t\t\t<\/div>\n\t\t\t\t<div class=\"elementor-element elementor-element-25ae24d elementor-widget elementor-widget-heading\" data-id=\"25ae24d\" data-element_type=\"widget\" data-e-type=\"widget\" data-widget_type=\"heading.default\">\n\t\t\t\t<div class=\"elementor-widget-container\">\n\t\t\t\t\t<h2 class=\"elementor-heading-title elementor-size-default\">Reconstruction of detection systems<\/h2>\t\t\t\t<\/div>\n\t\t\t\t<\/div>\n\t\t\t\t<div class=\"elementor-element elementor-element-57b4c85 elementor-widget elementor-widget-text-editor\" data-id=\"57b4c85\" data-element_type=\"widget\" data-e-type=\"widget\" data-widget_type=\"text-editor.default\">\n\t\t\t\t<div class=\"elementor-widget-container\">\n\t\t\t\t\t\t\t\t\t<p>We offer you a complete reconstruction of existing detection systems according to applicable legal and normative requirements, from design to implementation.<\/p>\t\t\t\t\t\t\t\t<\/div>\n\t\t\t\t<\/div>\n\t\t\t\t<\/div>\n\t\t<div class=\"elementor-element elementor-element-6dec2a3 e-con-full e-flex e-con e-child\" data-id=\"6dec2a3\" data-element_type=\"container\" data-e-type=\"container\">\n\t\t\t\t<div class=\"elementor-element elementor-element-e5ac49b elementor-widget elementor-widget-image\" data-id=\"e5ac49b\" data-element_type=\"widget\" data-e-type=\"widget\" data-widget_type=\"image.default\">\n\t\t\t\t<div class=\"elementor-widget-container\">\n\t\t\t\t\t\t\t\t\t\t\t\t\t\t\t<img loading=\"lazy\" decoding=\"async\" width=\"1147\" height=\"733\" src=\"https:\/\/www.dega.cz\/wp-content\/uploads\/2025\/10\/vyvoj-dega-cz-1.webp\" class=\"attachment-full size-full wp-image-3037\" alt=\"\" srcset=\"https:\/\/www.dega.cz\/wp-content\/uploads\/2025\/10\/vyvoj-dega-cz-1.webp 1147w, https:\/\/www.dega.cz\/wp-content\/uploads\/2025\/10\/vyvoj-dega-cz-1-300x192.webp 300w, https:\/\/www.dega.cz\/wp-content\/uploads\/2025\/10\/vyvoj-dega-cz-1-1024x654.webp 1024w, https:\/\/www.dega.cz\/wp-content\/uploads\/2025\/10\/vyvoj-dega-cz-1-768x491.webp 768w\" sizes=\"(max-width: 1147px) 100vw, 1147px\" \/>\t\t\t\t\t\t\t\t\t\t\t\t\t\t\t<\/div>\n\t\t\t\t<\/div>\n\t\t\t\t<div class=\"elementor-element elementor-element-50e301b elementor-widget elementor-widget-heading\" data-id=\"50e301b\" data-element_type=\"widget\" data-e-type=\"widget\" data-widget_type=\"heading.default\">\n\t\t\t\t<div class=\"elementor-widget-container\">\n\t\t\t\t\t<h2 class=\"elementor-heading-title elementor-size-default\">Custom development and production<\/h2>\t\t\t\t<\/div>\n\t\t\t\t<\/div>\n\t\t\t\t<div class=\"elementor-element elementor-element-34b34d0 elementor-widget elementor-widget-text-editor\" data-id=\"34b34d0\" data-element_type=\"widget\" data-e-type=\"widget\" data-widget_type=\"text-editor.default\">\n\t\t\t\t<div class=\"elementor-widget-container\">\n\t\t\t\t\t\t\t\t\t<p>As the only one in the Czech Republic \/ Slovakia, our development department offers OEM customers the development and design of a tailor-made detection system \u2013 from the design, testing, certification, and commissioning with mass production.<\/p>\t\t\t\t\t\t\t\t<\/div>\n\t\t\t\t<\/div>\n\t\t\t\t<\/div>\n\t\t\t\t\t<\/div>\n\t\t\t\t<\/div>\n\t\t<div class=\"elementor-element elementor-element-c17a0b4 e-flex e-con-boxed e-con e-parent\" data-id=\"c17a0b4\" data-element_type=\"container\" data-e-type=\"container\" data-settings=\"{&quot;background_background&quot;:&quot;classic&quot;}\">\n\t\t\t\t\t<div class=\"e-con-inner\">\n\t\t<div class=\"elementor-element elementor-element-93c6f0c e-con-full e-flex e-con e-child\" data-id=\"93c6f0c\" data-element_type=\"container\" data-e-type=\"container\">\n\t\t\t\t<div class=\"elementor-element elementor-element-7c278a5 elementor-widget elementor-widget-image\" data-id=\"7c278a5\" data-element_type=\"widget\" data-e-type=\"widget\" data-widget_type=\"image.default\">\n\t\t\t\t<div class=\"elementor-widget-container\">\n\t\t\t\t\t\t\t\t\t\t\t\t\t\t\t<img loading=\"lazy\" decoding=\"async\" width=\"1147\" height=\"733\" src=\"https:\/\/www.dega.cz\/wp-content\/uploads\/2025\/10\/navrh-dega-1.webp\" class=\"attachment-full size-full wp-image-3036\" alt=\"\" srcset=\"https:\/\/www.dega.cz\/wp-content\/uploads\/2025\/10\/navrh-dega-1.webp 1147w, https:\/\/www.dega.cz\/wp-content\/uploads\/2025\/10\/navrh-dega-1-300x192.webp 300w, https:\/\/www.dega.cz\/wp-content\/uploads\/2025\/10\/navrh-dega-1-1024x654.webp 1024w, https:\/\/www.dega.cz\/wp-content\/uploads\/2025\/10\/navrh-dega-1-768x491.webp 768w\" sizes=\"(max-width: 1147px) 100vw, 1147px\" \/>\t\t\t\t\t\t\t\t\t\t\t\t\t\t\t<\/div>\n\t\t\t\t<\/div>\n\t\t\t\t<div class=\"elementor-element elementor-element-59e4f76 elementor-widget elementor-widget-heading\" data-id=\"59e4f76\" data-element_type=\"widget\" data-e-type=\"widget\" data-widget_type=\"heading.default\">\n\t\t\t\t<div class=\"elementor-widget-container\">\n\t\t\t\t\t<h2 class=\"elementor-heading-title elementor-size-default\">Design and planning of detection systems<\/h2>\t\t\t\t<\/div>\n\t\t\t\t<\/div>\n\t\t\t\t<div class=\"elementor-element elementor-element-37ad222 elementor-widget elementor-widget-text-editor\" data-id=\"37ad222\" data-element_type=\"widget\" data-e-type=\"widget\" data-widget_type=\"text-editor.default\">\n\t\t\t\t<div class=\"elementor-widget-container\">\n\t\t\t\t\t\t\t\t\t<p>Support for designers, implementation companies, and customers when designing and planning of detection systems is an integral part of our services, which we offer for FREE to you. All you have to do is contact us with a specific request, the floor plan of the space under consideration, and the definition of the substances that need to be detected, and we will prepare complete documents for you. We regularly prepare PROJECT TRAINING for you, for which you do not hesitate to sign up.<\/p>\t\t\t\t\t\t\t\t<\/div>\n\t\t\t\t<\/div>\n\t\t\t\t<\/div>\n\t\t<div class=\"elementor-element elementor-element-bd0129a e-con-full e-flex e-con e-child\" data-id=\"bd0129a\" data-element_type=\"container\" data-e-type=\"container\">\n\t\t\t\t<div class=\"elementor-element elementor-element-1aaed32 elementor-widget elementor-widget-image\" data-id=\"1aaed32\" data-element_type=\"widget\" data-e-type=\"widget\" data-widget_type=\"image.default\">\n\t\t\t\t<div class=\"elementor-widget-container\">\n\t\t\t\t\t\t\t\t\t\t\t\t\t\t\t<img loading=\"lazy\" decoding=\"async\" width=\"1147\" height=\"733\" src=\"https:\/\/www.dega.cz\/wp-content\/uploads\/2025\/10\/servis-dega-cz-1.webp\" class=\"attachment-full size-full wp-image-3035\" alt=\"\" srcset=\"https:\/\/www.dega.cz\/wp-content\/uploads\/2025\/10\/servis-dega-cz-1.webp 1147w, https:\/\/www.dega.cz\/wp-content\/uploads\/2025\/10\/servis-dega-cz-1-300x192.webp 300w, https:\/\/www.dega.cz\/wp-content\/uploads\/2025\/10\/servis-dega-cz-1-1024x654.webp 1024w, https:\/\/www.dega.cz\/wp-content\/uploads\/2025\/10\/servis-dega-cz-1-768x491.webp 768w\" sizes=\"(max-width: 1147px) 100vw, 1147px\" \/>\t\t\t\t\t\t\t\t\t\t\t\t\t\t\t<\/div>\n\t\t\t\t<\/div>\n\t\t\t\t<div class=\"elementor-element elementor-element-cd15b0d elementor-widget elementor-widget-heading\" data-id=\"cd15b0d\" data-element_type=\"widget\" data-e-type=\"widget\" data-widget_type=\"heading.default\">\n\t\t\t\t<div class=\"elementor-widget-container\">\n\t\t\t\t\t<h2 class=\"elementor-heading-title elementor-size-default\">Service and repair of transmitters\/detectors\/sensors<\/h2>\t\t\t\t<\/div>\n\t\t\t\t<\/div>\n\t\t\t\t<div class=\"elementor-element elementor-element-8de13cb elementor-widget elementor-widget-text-editor\" data-id=\"8de13cb\" data-element_type=\"widget\" data-e-type=\"widget\" data-widget_type=\"text-editor.default\">\n\t\t\t\t<div class=\"elementor-widget-container\">\n\t\t\t\t\t\t\t\t\t<p>We offer service and repairs of detectors, control panels, and all elements of gas detection, including possible replacements for new systems in compliance with the current requirements for gas detection.<\/p>\t\t\t\t\t\t\t\t<\/div>\n\t\t\t\t<\/div>\n\t\t\t\t<\/div>\n\t\t<div class=\"elementor-element elementor-element-1cc428b e-con-full e-flex e-con e-child\" data-id=\"1cc428b\" data-element_type=\"container\" data-e-type=\"container\">\n\t\t\t\t<div class=\"elementor-element elementor-element-68870ff elementor-widget elementor-widget-image\" data-id=\"68870ff\" data-element_type=\"widget\" data-e-type=\"widget\" data-widget_type=\"image.default\">\n\t\t\t\t<div class=\"elementor-widget-container\">\n\t\t\t\t\t\t\t\t\t\t\t\t\t\t\t\t<a href=\"https:\/\/www.dega.cz\/en\/skoleni\/\">\n\t\t\t\t\t\t\t<img loading=\"lazy\" decoding=\"async\" width=\"1147\" height=\"733\" src=\"https:\/\/www.dega.cz\/wp-content\/uploads\/2025\/10\/skoleni.webp\" class=\"attachment-full size-full wp-image-3025\" alt=\"\" srcset=\"https:\/\/www.dega.cz\/wp-content\/uploads\/2025\/10\/skoleni.webp 1147w, https:\/\/www.dega.cz\/wp-content\/uploads\/2025\/10\/skoleni-300x192.webp 300w, https:\/\/www.dega.cz\/wp-content\/uploads\/2025\/10\/skoleni-1024x654.webp 1024w, https:\/\/www.dega.cz\/wp-content\/uploads\/2025\/10\/skoleni-768x491.webp 768w\" sizes=\"(max-width: 1147px) 100vw, 1147px\" \/>\t\t\t\t\t\t\t\t<\/a>\n\t\t\t\t\t\t\t\t\t\t\t\t\t\t\t<\/div>\n\t\t\t\t<\/div>\n\t\t\t\t<div class=\"elementor-element elementor-element-d728774 elementor-widget elementor-widget-heading\" data-id=\"d728774\" data-element_type=\"widget\" data-e-type=\"widget\" data-widget_type=\"heading.default\">\n\t\t\t\t<div class=\"elementor-widget-container\">\n\t\t\t\t\t<h2 class=\"elementor-heading-title elementor-size-default\"><a href=\"https:\/\/www.dega.cz\/en\/skoleni\/\">Training<\/a><\/h2>\t\t\t\t<\/div>\n\t\t\t\t<\/div>\n\t\t\t\t<div class=\"elementor-element elementor-element-3776451 elementor-widget elementor-widget-text-editor\" data-id=\"3776451\" data-element_type=\"widget\" data-e-type=\"widget\" data-widget_type=\"text-editor.default\">\n\t\t\t\t<div class=\"elementor-widget-container\">\n\t\t\t\t\t\t\t\t\t<p class=\"translation-block\">DEGA CZ s.r.o. provides training focused on professional design and technical support.<br>Our experienced colleagues will provide you with not only theoretical knowledge, but also practical skills necessary for effective installation and service of our systems.<\/p>\t\t\t\t\t\t\t\t<\/div>\n\t\t\t\t<\/div>\n\t\t\t\t<\/div>\n\t\t\t\t\t<\/div>\n\t\t\t\t<\/div>\n\t\t\t\t<\/div>","protected":false},"excerpt":{"rendered":"<p>Kalibrace sn\u00edma\u010d\u016f a detektor\u016f Spole\u010dnost DEGA CZ nab\u00edz\u00ed pravideln\u00e9 kalibrace detektor\u016f DEGA a kalibrace detektor\u016f od jin\u00fdch v\u00fdrobc\u016f. Kalibraci prov\u00e1d\u00edme u n\u00e1s v laborato\u0159i nebo i p\u0159\u00edmo v m\u00edst\u011b aplikace. Funk\u010dn\u00ed kontroly detek\u010dn\u00edch syst\u00e9m\u016f Nab\u00edz\u00edme pravideln\u00e9 funk\u010dn\u00ed kontroly detektor\u016f p\u0159\u00edmo v m\u00edst\u011b aplikace. Hl\u00edd\u00e1n\u00ed term\u00edn\u016f kalibra\u010dn\u00edch lh\u016ft Slu\u017eba, kterou nab\u00edz\u00edme BEZPLATN\u011a v\u0161em na\u0161im u\u017eivatel\u016fm detektor\u016f. [&hellip;]<\/p>\n","protected":false},"author":1,"featured_media":0,"parent":0,"menu_order":0,"comment_status":"closed","ping_status":"closed","template":"elementor_header_footer","meta":{"footnotes":""},"class_list":["post-3022","page","type-page","status-publish","hentry"],"_links":{"self":[{"href":"https:\/\/www.dega.cz\/en\/wp-json\/wp\/v2\/pages\/3022","targetHints":{"allow":["GET"]}}],"collection":[{"href":"https:\/\/www.dega.cz\/en\/wp-json\/wp\/v2\/pages"}],"about":[{"href":"https:\/\/www.dega.cz\/en\/wp-json\/wp\/v2\/types\/page"}],"author":[{"embeddable":true,"href":"https:\/\/www.dega.cz\/en\/wp-json\/wp\/v2\/users\/1"}],"replies":[{"embeddable":true,"href":"https:\/\/www.dega.cz\/en\/wp-json\/wp\/v2\/comments?post=3022"}],"version-history":[{"count":3,"href":"https:\/\/www.dega.cz\/en\/wp-json\/wp\/v2\/pages\/3022\/revisions"}],"predecessor-version":[{"id":6103,"href":"https:\/\/www.dega.cz\/en\/wp-json\/wp\/v2\/pages\/3022\/revisions\/6103"}],"wp:attachment":[{"href":"https:\/\/www.dega.cz\/en\/wp-json\/wp\/v2\/media?parent=3022"}],"curies":[{"name":"wp","href":"https:\/\/api.w.org\/{rel}","templated":true}]}}