{"id":4461,"date":"2026-02-12T12:43:43","date_gmt":"2026-02-12T11:43:43","guid":{"rendered":"https:\/\/www.dega.cz\/?page_id=4461"},"modified":"2026-02-12T12:44:56","modified_gmt":"2026-02-12T11:44:56","slug":"cookies","status":"publish","type":"page","link":"https:\/\/www.dega.cz\/de\/cookies\/","title":{"rendered":"Cookies"},"content":{"rendered":"<div data-elementor-type=\"wp-page\" data-elementor-id=\"4461\" class=\"elementor elementor-4461\" data-elementor-settings=\"{&quot;element_pack_global_tooltip_width&quot;:{&quot;unit&quot;:&quot;px&quot;,&quot;size&quot;:&quot;&quot;,&quot;sizes&quot;:[]},&quot;element_pack_global_tooltip_width_tablet&quot;:{&quot;unit&quot;:&quot;px&quot;,&quot;size&quot;:&quot;&quot;,&quot;sizes&quot;:[]},&quot;element_pack_global_tooltip_width_mobile&quot;:{&quot;unit&quot;:&quot;px&quot;,&quot;size&quot;:&quot;&quot;,&quot;sizes&quot;:[]},&quot;element_pack_global_tooltip_padding&quot;:{&quot;unit&quot;:&quot;px&quot;,&quot;top&quot;:&quot;&quot;,&quot;right&quot;:&quot;&quot;,&quot;bottom&quot;:&quot;&quot;,&quot;left&quot;:&quot;&quot;,&quot;isLinked&quot;:true},&quot;element_pack_global_tooltip_padding_tablet&quot;:{&quot;unit&quot;:&quot;px&quot;,&quot;top&quot;:&quot;&quot;,&quot;right&quot;:&quot;&quot;,&quot;bottom&quot;:&quot;&quot;,&quot;left&quot;:&quot;&quot;,&quot;isLinked&quot;:true},&quot;element_pack_global_tooltip_padding_mobile&quot;:{&quot;unit&quot;:&quot;px&quot;,&quot;top&quot;:&quot;&quot;,&quot;right&quot;:&quot;&quot;,&quot;bottom&quot;:&quot;&quot;,&quot;left&quot;:&quot;&quot;,&quot;isLinked&quot;:true},&quot;element_pack_global_tooltip_border_radius&quot;:{&quot;unit&quot;:&quot;px&quot;,&quot;top&quot;:&quot;&quot;,&quot;right&quot;:&quot;&quot;,&quot;bottom&quot;:&quot;&quot;,&quot;left&quot;:&quot;&quot;,&quot;isLinked&quot;:true},&quot;element_pack_global_tooltip_border_radius_tablet&quot;:{&quot;unit&quot;:&quot;px&quot;,&quot;top&quot;:&quot;&quot;,&quot;right&quot;:&quot;&quot;,&quot;bottom&quot;:&quot;&quot;,&quot;left&quot;:&quot;&quot;,&quot;isLinked&quot;:true},&quot;element_pack_global_tooltip_border_radius_mobile&quot;:{&quot;unit&quot;:&quot;px&quot;,&quot;top&quot;:&quot;&quot;,&quot;right&quot;:&quot;&quot;,&quot;bottom&quot;:&quot;&quot;,&quot;left&quot;:&quot;&quot;,&quot;isLinked&quot;:true}}\" data-elementor-post-type=\"page\">\n\t\t\t\t<div class=\"elementor-element elementor-element-2ceea09 e-flex e-con-boxed e-con e-parent\" data-id=\"2ceea09\" data-element_type=\"container\" data-e-type=\"container\" data-settings=\"{&quot;background_background&quot;:&quot;video&quot;,&quot;background_video_link&quot;:&quot;https:\\\/\\\/youtu.be\\\/EG00PbSY1Ik&quot;,&quot;background_play_on_mobile&quot;:&quot;yes&quot;}\">\n\t\t\t\t\t<div class=\"e-con-inner\">\n\t\t<div class=\"elementor-background-video-container\">\n\t\t\t\t\t\t\t<div class=\"elementor-background-video-embed\" role=\"presentation\"><\/div>\n\t\t\t\t\t\t<\/div><div class=\"elementor-element elementor-element-aee895e e-con-full e-flex e-con e-child\" data-id=\"aee895e\" data-element_type=\"container\" data-e-type=\"container\">\n\t\t\t\t<\/div>\n\t\t\t\t\t<\/div>\n\t\t\t\t<\/div>\n\t\t<div class=\"elementor-element elementor-element-b5ac3b1 e-flex e-con-boxed e-con e-parent\" data-id=\"b5ac3b1\" data-element_type=\"container\" data-e-type=\"container\" data-settings=\"{&quot;background_background&quot;:&quot;classic&quot;}\">\n\t\t\t\t\t<div class=\"e-con-inner\">\n\t\t\t\t<div class=\"elementor-element elementor-element-d99bd32 elementor-widget elementor-widget-text-editor\" data-id=\"d99bd32\" data-element_type=\"widget\" data-e-type=\"widget\" data-widget_type=\"text-editor.default\">\n\t\t\t\t<div class=\"elementor-widget-container\">\n\t\t\t\t\t\t\t\t\t<section class=\"elementor-section elementor-top-section elementor-element elementor-element-cea4153 elementor-section-boxed elementor-section-height-default elementor-section-height-default\" data-id=\"cea4153\" data-element_type=\"section\" data-e-type=\"section\"><div class=\"elementor-container elementor-column-gap-default\"><div class=\"elementor-column elementor-col-100 elementor-top-column elementor-element elementor-element-94ab50b\" data-id=\"94ab50b\" data-element_type=\"column\" data-e-type=\"column\"><div class=\"elementor-widget-wrap elementor-element-populated\"><div class=\"elementor-element elementor-element-01cd7a4 elementor-widget elementor-widget-text-editor\" data-id=\"01cd7a4\" data-element_type=\"widget\" data-e-type=\"widget\" data-widget_type=\"text-editor.default\"><div class=\"elementor-widget-container\"><section class=\"wd-negative-gap elementor-section elementor-top-section elementor-element elementor-element-cea4153 elementor-section-boxed elementor-section-height-default elementor-section-height-default wd-section-disabled\" data-particle_enable=\"false\" data-particle-mobile-disabled=\"false\" data-id=\"cea4153\" data-element_type=\"section\"><div class=\"elementor-container elementor-column-gap-default\"><div class=\"elementor-column elementor-col-100 elementor-top-column elementor-element elementor-element-94ab50b\" data-id=\"94ab50b\" data-element_type=\"column\"><div class=\"elementor-widget-wrap elementor-element-populated\"><div class=\"elementor-element elementor-element-15e06a8 elementor-widget elementor-widget-wd_text_block\" data-id=\"15e06a8\" data-element_type=\"widget\" data-widget_type=\"wd_text_block.default\"><div class=\"elementor-widget-container\"><div class=\"wd-text-block reset-last-child text-left\"><div class=\"fusion-column-wrapper fusion-flex-justify-content-flex-start fusion-content-layout-column\"><div class=\"fusion-text fusion-text-1\"><section class=\"elementor-section elementor-top-section elementor-element elementor-element-cea4153 elementor-section-boxed elementor-section-height-default elementor-section-height-default\" data-id=\"cea4153\" data-element_type=\"section\" data-e-type=\"section\"><div class=\"elementor-container elementor-column-gap-default\"><div class=\"elementor-column elementor-col-100 elementor-top-column elementor-element elementor-element-94ab50b\" data-id=\"94ab50b\" data-element_type=\"column\" data-e-type=\"column\"><div class=\"elementor-widget-wrap elementor-element-populated\"><div class=\"elementor-element elementor-element-72204e9 elementor-widget elementor-widget-text-editor\" data-id=\"72204e9\" data-element_type=\"widget\" data-e-type=\"widget\" data-widget_type=\"text-editor.default\"><div class=\"elementor-widget-container\"><section class=\"wd-negative-gap elementor-section elementor-top-section elementor-element elementor-element-cea4153 elementor-section-boxed elementor-section-height-default elementor-section-height-default wd-section-disabled\" data-particle_enable=\"false\" data-particle-mobile-disabled=\"false\" data-id=\"cea4153\" data-element_type=\"section\"><div class=\"elementor-container elementor-column-gap-default\"><div class=\"elementor-column elementor-col-100 elementor-top-column elementor-element elementor-element-94ab50b\" data-id=\"94ab50b\" data-element_type=\"column\"><div class=\"elementor-widget-wrap elementor-element-populated\"><div class=\"elementor-element elementor-element-15e06a8 elementor-widget elementor-widget-wd_text_block\" data-id=\"15e06a8\" data-element_type=\"widget\" data-widget_type=\"wd_text_block.default\"><div class=\"elementor-widget-container\"><div class=\"wd-text-block reset-last-child text-left\"><div class=\"fusion-column-wrapper fusion-flex-justify-content-flex-start fusion-content-layout-column\"><div class=\"fusion-text fusion-text-1\"><p>Spr\u00e1vce osobn\u00edch \u00fadaj\u016f <strong>DEGA CZ s.r.o., Male\u0161ick\u00e1 2850\/22c, 130 00 Praha 3, \u010cesk\u00e1 republika<\/strong>, jako\u017eto provozovatel t\u00e9to webov\u00e9 str\u00e1nky, u\u017e\u00edv\u00e1 na t\u00e9to webov\u00e9 str\u00e1nce soubory cookies, kter\u00e9 jsou zde u\u017eity za \u00fa\u010delem:<\/p><ul><li>m\u011b\u0159en\u00ed n\u00e1v\u0161t\u011bvnosti webov\u00fdch str\u00e1nek a vytv\u00e1\u0159en\u00ed statistik t\u00fdkaj\u00edc\u00ed se n\u00e1v\u0161t\u011bvnosti a chov\u00e1n\u00ed n\u00e1v\u0161t\u011bvn\u00edk\u016f na webov\u00fdch str\u00e1nk\u00e1ch;<\/li><li>fungov\u00e1n\u00ed webov\u00fdch str\u00e1nek.<\/li><\/ul><p>Sb\u011br cookies za \u00fa\u010delem uveden\u00fdm se pova\u017euje za zpracov\u00e1n\u00ed osobn\u00edch \u00fadaj\u016f. Takov\u00e9 zpracov\u00e1n\u00ed je mo\u017en\u00e9 na z\u00e1klad\u011b z\u00e1konn\u00e9ho d\u016fvodu \u2013 opr\u00e1vn\u011bn\u00e9ho z\u00e1jmu Spr\u00e1vce, a umo\u017e\u0148uje ho \u010dl. 6 odst. 1 p\u00edsm. f) na\u0159\u00edzen\u00ed Evropsk\u00e9ho parlamentu a Rady (EU) \u010d. 2016\/679 o ochran\u011b fyzick\u00fdch osob v souvislosti se zpracov\u00e1n\u00edm osobn\u00edch \u00fadaj\u016f a o voln\u00e9m pohybu t\u011bchto \u00fadaj\u016f a o zru\u0161en\u00ed sm\u011brnice 95\/46\/ES (obecn\u00e9 na\u0159\u00edzen\u00ed o ochran\u011b osobn\u00edch \u00fadaj\u016f) (d\u00e1le jen \u201eNa\u0159\u00edzen\u00ed\u201c).<\/p><p>Cookies, kter\u00e9 jsou sb\u00edr\u00e1ny za \u00fa\u010delem m\u011b\u0159en\u00ed n\u00e1v\u0161t\u011bvnosti webu a vytv\u00e1\u0159en\u00ed statistik t\u00fdkaj\u00edc\u00ed se n\u00e1v\u0161t\u011bvnosti a chov\u00e1n\u00ed n\u00e1v\u0161t\u011bvn\u00edk\u016f na webu jsou posuzov\u00e1ny v podob\u011b hromadn\u00e9ho celku a t\u00edm p\u00e1dem v anonymn\u00ed podob\u011b, kter\u00e1 neumo\u017e\u0148uje identifikaci jednotlivce.<\/p><p>Shrom\u00e1\u017ed\u011bn\u00e9 cookies soubory jsou zpracov\u00e1ny dal\u0161\u00edmi zpracovateli slu\u017eby Google Analytics, provozovan\u00e9 spole\u010dnost\u00ed Google Inc., s\u00eddlem 1600 Amphitheatre Parkway, Mountain View, CA 94043, USA.<\/p><p>Pou\u017e\u00edv\u00e1n\u00ed soubor\u016f cookie lze nastavit pomoc\u00ed Va\u0161eho internetov\u00e9ho prohl\u00ed\u017ee\u010de. V\u011bt\u0161ina prohl\u00ed\u017ee\u010d\u016f soubory cookie automaticky p\u0159ij\u00edm\u00e1 ji\u017e ve v\u00fdchoz\u00edm nastaven\u00ed. Soubory cookie lze pomoc\u00ed Va\u0161eho webov\u00e9ho prohl\u00ed\u017ee\u010de odm\u00edtnout nebo nastavit u\u017e\u00edv\u00e1n\u00ed jen n\u011bkter\u00fdch soubor\u016f cookie.<\/p><p>Pr\u00e1vo vzn\u00e9st n\u00e1mitku \u2013\u00a0Pokud osobn\u00ed \u00fadaje zpracov\u00e1v\u00e1me pro \u00fa\u010dely opr\u00e1vn\u011bn\u00fdch z\u00e1jm\u016f na\u0161\u00ed spole\u010dnosti nebo t\u0159et\u00ed strany, m\u00e1te pr\u00e1vo vzn\u00e9st proti takov\u00e9mu zpracov\u00e1n\u00ed n\u00e1mitku, a to v p\u0159\u00edpadech, kdy to od\u016fvod\u0148uje Va\u0161e konkr\u00e9tn\u00ed situace \u2013 tedy v p\u0159\u00edpad\u011b, kdy samotn\u00e9 zpracov\u00e1n\u00ed je p\u0159\u00edpustn\u00e9, ale na Va\u0161\u00ed stran\u011b existuj\u00ed konkr\u00e9tn\u00ed d\u016fvody, pro\u010d p\u0159esto nechcete, aby zpracov\u00e1n\u00ed prob\u00edhalo.<\/p><p>Na\u0161e spole\u010dnost bude muset p\u0159ezkoumat prov\u00e1d\u011bn\u00e9 zpracov\u00e1n\u00ed. Takov\u00e9 osobn\u00ed \u00fadaje nebude d\u00e1le zpracov\u00e1vat, pokud nebudou d\u00e1ny z\u00e1va\u017en\u00e9 opr\u00e1vn\u011bn\u00e9 d\u016fvody pro zpracov\u00e1n\u00ed, kter\u00e9 p\u0159ev\u00e1\u017e\u00ed nad Va\u0161im z\u00e1jmem na ochranu soukrom\u00ed \u010di jin\u00fdmi z\u00e1jmy, pr\u00e1vy a svobodami, nebo pokud nebude zpracov\u00e1n\u00ed prov\u00e1d\u011bno pro ur\u010den\u00ed, v\u00fdkon nebo obhajobu pr\u00e1vn\u00edch n\u00e1rok\u016f na\u0161\u00ed spole\u010dnosti.<\/p><p>Pokud osobn\u00ed \u00fadaje zpracov\u00e1v\u00e1me pro \u00fa\u010dely p\u0159\u00edm\u00e9ho marketingu, m\u016f\u017eete kdykoliv vzn\u00e9st n\u00e1mitku proti takov\u00e9mu zpracov\u00e1n\u00ed osobn\u00edch \u00fadaj\u016f. Toto pr\u00e1vo m\u016f\u017eete uplatnit i prost\u0159ednictv\u00edm technick\u00fdch n\u00e1stroj\u016f (odhl\u00e1\u0161en\u00ed od odb\u011bru obchodn\u00edch sd\u011blen\u00ed). Na\u0161e spole\u010dnost pot\u00e9 Va\u0161e osobn\u00ed \u00fadaje pro \u00fa\u010dely p\u0159\u00edm\u00e9ho marketingu zpracov\u00e1vat nebude, mohou v\u0161ak b\u00fdt zpracov\u00e1v\u00e1ny nad\u00e1le pro jin\u00e9 \u00fa\u010dely.<\/p><p>N\u00e1mitku m\u016f\u017eete, stejn\u011b jako sv\u00e1 dal\u0161\u00ed pr\u00e1va, uplatnit na n\u00ed\u017ee uveden\u00fdch kontaktech. V\u017edy, pros\u00edme, uve\u010fte konkr\u00e9tn\u00ed situaci, kter\u00e1 V\u00e1s vede k z\u00e1v\u011bru, \u017ee by na\u0161e spole\u010dnost nem\u011bla \u00fadaje o V\u00e1s zpracov\u00e1vat.<\/p><p>Mo\u017enost vzn\u00e9st n\u00e1mitku se v\u0161ak nevztahuje na v\u0161echny p\u0159\u00edpady zpracov\u00e1n\u00ed, nen\u00ed ji mo\u017en\u00e9 vyu\u017e\u00edt v p\u0159\u00edpad\u011b, kdy zpracov\u00e1v\u00e1me Va\u0161e \u00fadaje na z\u00e1klad\u011b jin\u00e9ho pr\u00e1vn\u00edho titulu ne\u017e nezbytnosti pro opr\u00e1vn\u011bn\u00fd \u00fa\u010del \u2013 nap\u0159. z d\u016fvodu nezbytnosti pro pln\u011bn\u00ed smlouvy \u010di pln\u011bn\u00ed z\u00e1konn\u00fdch povinnost\u00ed.<\/p><p>Informace o prohl\u00ed\u017ee\u010d\u00edch, o zp\u016fsobu nastaven\u00ed p\u0159edvoleb pro soubory cookie a odm\u00edtnut\u00ed pou\u017e\u00edv\u00e1n\u00ed soubor\u016f cookie m\u016f\u017eete nal\u00e9zt na n\u00e1sleduj\u00edc\u00edch webov\u00fdch str\u00e1nk\u00e1ch:<\/p><p><a href=\"https:\/\/support.google.com\/accounts\/answer\/61416?hl=cs\" target=\"_blank\" rel=\"noopener\">Google Chrome<\/a><\/p><p><a href=\"https:\/\/www.mozilla.org\/cs\/privacy\/\" target=\"_blank\" rel=\"noopener\">Firefox\u00a0<\/a><\/p><p><a href=\"https:\/\/support.microsoft.com\/cs-cz\/topic\/odstran%C4%9Bn%C3%AD-a-spr%C3%A1va-soubor%C5%AF-cookie-168dab11-0753-043d-7c16-ede5947fc64d\" target=\"_blank\" rel=\"noopener\">Microsoft Internet Explorer<\/a><\/p><p><a href=\"https:\/\/support.microsoft.com\/cs-cz\/microsoft-edge\/odstran%C4%9Bn%C3%AD-soubor%C5%AF-cookie-v-aplikaci-microsoft-edge-63947406-40ac-c3b8-57b9-2a946a29ae09\" target=\"_blank\" rel=\"noopener\">Microsoft Edge<\/a><\/p><p><a href=\"https:\/\/support.google.com\/chrome\/answer\/2392709?visit_id=1-636270856459123937-2696746637&amp;rd=1&amp;co=GENIE.Platform%3DAndroid&amp;oco=1\" target=\"_blank\" rel=\"noopener\">Android<\/a><\/p><p><a href=\"https:\/\/support.google.com\/chrome\/answer\/2392709?visit_id=1-636270856459123937-2696746637&amp;rd=1&amp;co=GENIE.Platform%3DiOS&amp;oco=1\" target=\"_blank\" rel=\"noopener\">iPhone \/ iPad<\/a><\/p><p><a href=\"https:\/\/support.apple.com\/sk-sk\/guide\/safari\/sfri11471\/mac\" target=\"_blank\" rel=\"noopener\">MacOS Safari<\/a><\/p><\/div><\/div><\/div><\/div><\/div><\/div><\/div><\/div><\/section><\/div><\/div><\/div><\/div><\/div><\/section><\/div><\/div><\/div><\/div><\/div><\/div><\/div><\/div><\/section><\/div><\/div><\/div><\/div><\/div><\/section>\t\t\t\t\t\t\t\t<\/div>\n\t\t\t\t<\/div>\n\t\t\t\t\t<\/div>\n\t\t\t\t<\/div>\n\t\t\t\t<section class=\"elementor-section elementor-top-section elementor-element elementor-element-f24121d elementor-section-full_width elementor-section-stretched elementor-section-height-default elementor-section-height-default\" data-id=\"f24121d\" data-element_type=\"section\" data-e-type=\"section\" data-settings=\"{&quot;stretch_section&quot;:&quot;section-stretched&quot;}\">\n\t\t\t\t\t\t<div class=\"elementor-container elementor-column-gap-no\">\n\t\t\t\t\t<div class=\"elementor-column elementor-col-100 elementor-top-column elementor-element elementor-element-f4ca7ac\" data-id=\"f4ca7ac\" data-element_type=\"column\" data-e-type=\"column\">\n\t\t\t<div class=\"elementor-widget-wrap elementor-element-populated\">\n\t\t\t\t\t\t<div class=\"elementor-element elementor-element-bb12f73 elementor-widget elementor-widget-spacer\" data-id=\"bb12f73\" data-element_type=\"widget\" data-e-type=\"widget\" data-widget_type=\"spacer.default\">\n\t\t\t\t<div class=\"elementor-widget-container\">\n\t\t\t\t\t\t\t<div class=\"elementor-spacer\">\n\t\t\t<div class=\"elementor-spacer-inner\"><\/div>\n\t\t<\/div>\n\t\t\t\t\t\t<\/div>\n\t\t\t\t<\/div>\n\t\t\t\t\t<\/div>\n\t\t<\/div>\n\t\t\t\t\t<\/div>\n\t\t<\/section>\n\t\t\t\t<section class=\"elementor-section elementor-top-section elementor-element elementor-element-0e2b4a0 elementor-section-full_width elementor-section-stretched elementor-section-height-default elementor-section-height-default\" data-id=\"0e2b4a0\" data-element_type=\"section\" data-e-type=\"section\" data-settings=\"{&quot;stretch_section&quot;:&quot;section-stretched&quot;}\">\n\t\t\t\t\t\t<div class=\"elementor-container elementor-column-gap-no\">\n\t\t\t\t\t<div class=\"elementor-column elementor-col-100 elementor-top-column elementor-element elementor-element-aec26e0\" data-id=\"aec26e0\" data-element_type=\"column\" data-e-type=\"column\">\n\t\t\t<div class=\"elementor-widget-wrap\">\n\t\t\t\t\t\t\t<\/div>\n\t\t<\/div>\n\t\t\t\t\t<\/div>\n\t\t<\/section>\n\t\t\t\t<\/div>","protected":false},"excerpt":{"rendered":"<p>Spr\u00e1vce osobn\u00edch \u00fadaj\u016f DEGA CZ s.r.o., Male\u0161ick\u00e1 2850\/22c, 130 00 Praha 3, \u010cesk\u00e1 republika, jako\u017eto provozovatel t\u00e9to webov\u00e9 str\u00e1nky, u\u017e\u00edv\u00e1 na t\u00e9to webov\u00e9 str\u00e1nce soubory cookies, kter\u00e9 jsou zde u\u017eity za \u00fa\u010delem: m\u011b\u0159en\u00ed n\u00e1v\u0161t\u011bvnosti webov\u00fdch str\u00e1nek a vytv\u00e1\u0159en\u00ed statistik t\u00fdkaj\u00edc\u00ed se n\u00e1v\u0161t\u011bvnosti a chov\u00e1n\u00ed n\u00e1v\u0161t\u011bvn\u00edk\u016f na webov\u00fdch str\u00e1nk\u00e1ch; fungov\u00e1n\u00ed webov\u00fdch str\u00e1nek. Sb\u011br cookies za \u00fa\u010delem [&hellip;]<\/p>\n","protected":false},"author":1,"featured_media":0,"parent":0,"menu_order":0,"comment_status":"closed","ping_status":"closed","template":"elementor_header_footer","meta":{"footnotes":""},"class_list":["post-4461","page","type-page","status-publish","hentry"],"_links":{"self":[{"href":"https:\/\/www.dega.cz\/de\/wp-json\/wp\/v2\/pages\/4461","targetHints":{"allow":["GET"]}}],"collection":[{"href":"https:\/\/www.dega.cz\/de\/wp-json\/wp\/v2\/pages"}],"about":[{"href":"https:\/\/www.dega.cz\/de\/wp-json\/wp\/v2\/types\/page"}],"author":[{"embeddable":true,"href":"https:\/\/www.dega.cz\/de\/wp-json\/wp\/v2\/users\/1"}],"replies":[{"embeddable":true,"href":"https:\/\/www.dega.cz\/de\/wp-json\/wp\/v2\/comments?post=4461"}],"version-history":[{"count":0,"href":"https:\/\/www.dega.cz\/de\/wp-json\/wp\/v2\/pages\/4461\/revisions"}],"wp:attachment":[{"href":"https:\/\/www.dega.cz\/de\/wp-json\/wp\/v2\/media?parent=4461"}],"curies":[{"name":"wp","href":"https:\/\/api.w.org\/{rel}","templated":true}]}}