{"id":3701,"date":"2025-10-09T13:12:15","date_gmt":"2025-10-09T11:12:15","guid":{"rendered":"https:\/\/dega.cz\/?page_id=3701"},"modified":"2026-02-27T14:56:30","modified_gmt":"2026-02-27T13:56:30","slug":"snimace-a-detektory-plynu","status":"publish","type":"page","link":"https:\/\/www.dega.cz\/de\/snimace-a-detektory-plynu\/","title":{"rendered":"Gassensoren und -detektoren"},"content":{"rendered":"<div data-elementor-type=\"wp-page\" data-elementor-id=\"3701\" class=\"elementor elementor-3701\" data-elementor-settings=\"{&quot;element_pack_global_tooltip_width&quot;:{&quot;unit&quot;:&quot;px&quot;,&quot;size&quot;:&quot;&quot;,&quot;sizes&quot;:[]},&quot;element_pack_global_tooltip_width_tablet&quot;:{&quot;unit&quot;:&quot;px&quot;,&quot;size&quot;:&quot;&quot;,&quot;sizes&quot;:[]},&quot;element_pack_global_tooltip_width_mobile&quot;:{&quot;unit&quot;:&quot;px&quot;,&quot;size&quot;:&quot;&quot;,&quot;sizes&quot;:[]},&quot;element_pack_global_tooltip_padding&quot;:{&quot;unit&quot;:&quot;px&quot;,&quot;top&quot;:&quot;&quot;,&quot;right&quot;:&quot;&quot;,&quot;bottom&quot;:&quot;&quot;,&quot;left&quot;:&quot;&quot;,&quot;isLinked&quot;:true},&quot;element_pack_global_tooltip_padding_tablet&quot;:{&quot;unit&quot;:&quot;px&quot;,&quot;top&quot;:&quot;&quot;,&quot;right&quot;:&quot;&quot;,&quot;bottom&quot;:&quot;&quot;,&quot;left&quot;:&quot;&quot;,&quot;isLinked&quot;:true},&quot;element_pack_global_tooltip_padding_mobile&quot;:{&quot;unit&quot;:&quot;px&quot;,&quot;top&quot;:&quot;&quot;,&quot;right&quot;:&quot;&quot;,&quot;bottom&quot;:&quot;&quot;,&quot;left&quot;:&quot;&quot;,&quot;isLinked&quot;:true},&quot;element_pack_global_tooltip_border_radius&quot;:{&quot;unit&quot;:&quot;px&quot;,&quot;top&quot;:&quot;&quot;,&quot;right&quot;:&quot;&quot;,&quot;bottom&quot;:&quot;&quot;,&quot;left&quot;:&quot;&quot;,&quot;isLinked&quot;:true},&quot;element_pack_global_tooltip_border_radius_tablet&quot;:{&quot;unit&quot;:&quot;px&quot;,&quot;top&quot;:&quot;&quot;,&quot;right&quot;:&quot;&quot;,&quot;bottom&quot;:&quot;&quot;,&quot;left&quot;:&quot;&quot;,&quot;isLinked&quot;:true},&quot;element_pack_global_tooltip_border_radius_mobile&quot;:{&quot;unit&quot;:&quot;px&quot;,&quot;top&quot;:&quot;&quot;,&quot;right&quot;:&quot;&quot;,&quot;bottom&quot;:&quot;&quot;,&quot;left&quot;:&quot;&quot;,&quot;isLinked&quot;:true}}\" data-elementor-post-type=\"page\">\n\t\t\t\t<div class=\"elementor-element elementor-element-2ceea09 e-flex e-con-boxed e-con e-parent\" data-id=\"2ceea09\" data-element_type=\"container\" data-e-type=\"container\" data-settings=\"{&quot;background_background&quot;:&quot;video&quot;,&quot;background_video_link&quot;:&quot;https:\\\/\\\/youtu.be\\\/EG00PbSY1Ik&quot;,&quot;background_play_on_mobile&quot;:&quot;yes&quot;}\">\n\t\t\t\t\t<div class=\"e-con-inner\">\n\t\t<div class=\"elementor-background-video-container\">\n\t\t\t\t\t\t\t<div class=\"elementor-background-video-embed\" role=\"presentation\"><\/div>\n\t\t\t\t\t\t<\/div><div class=\"elementor-element elementor-element-aee895e e-con-full e-flex e-con e-child\" data-id=\"aee895e\" data-element_type=\"container\" data-e-type=\"container\">\n\t\t\t\t<\/div>\n\t\t\t\t\t<\/div>\n\t\t\t\t<\/div>\n\t\t<div class=\"elementor-element elementor-element-4dc6bfe e-flex e-con-boxed e-con e-parent\" data-id=\"4dc6bfe\" data-element_type=\"container\" data-e-type=\"container\">\n\t\t\t\t\t<div class=\"e-con-inner\">\n\t\t<div class=\"elementor-element elementor-element-c8fa1bb e-con-full e-flex e-con e-child\" data-id=\"c8fa1bb\" data-element_type=\"container\" data-e-type=\"container\">\n\t\t\t\t<div class=\"elementor-element elementor-element-e339d90 elementor-align-left elementor-widget elementor-widget-button\" data-id=\"e339d90\" data-element_type=\"widget\" data-e-type=\"widget\" data-widget_type=\"button.default\">\n\t\t\t\t<div class=\"elementor-widget-container\">\n\t\t\t\t\t\t\t\t\t<div class=\"elementor-button-wrapper\">\n\t\t\t\t\t<a class=\"elementor-button elementor-size-sm\" role=\"button\">\n\t\t\t\t\t\t<span class=\"elementor-button-content-wrapper\">\n\t\t\t\t\t\t\t\t\t<span class=\"elementor-button-text\">Kategorie produkt\u016f<\/span>\n\t\t\t\t\t<\/span>\n\t\t\t\t\t<\/a>\n\t\t\t\t<\/div>\n\t\t\t\t\t\t\t\t<\/div>\n\t\t\t\t<\/div>\n\t\t\t\t<div class=\"elementor-element elementor-element-247a05b elementor-nav-menu--dropdown-tablet elementor-nav-menu__text-align-aside elementor-nav-menu--toggle elementor-nav-menu--burger elementor-widget elementor-widget-nav-menu\" data-id=\"247a05b\" data-element_type=\"widget\" data-e-type=\"widget\" data-settings=\"{&quot;layout&quot;:&quot;vertical&quot;,&quot;submenu_icon&quot;:{&quot;value&quot;:&quot;&lt;svg aria-hidden=\\&quot;true\\&quot; class=\\&quot;e-font-icon-svg e-fas-caret-down\\&quot; viewBox=\\&quot;0 0 320 512\\&quot; xmlns=\\&quot;http:\\\/\\\/www.w3.org\\\/2000\\\/svg\\&quot;&gt;&lt;path d=\\&quot;M31.3 192h257.3c17.8 0 26.7 21.5 14.1 34.1L174.1 354.8c-7.8 7.8-20.5 7.8-28.3 0L17.2 226.1C4.6 213.5 13.5 192 31.3 192z\\&quot;&gt;&lt;\\\/path&gt;&lt;\\\/svg&gt;&quot;,&quot;library&quot;:&quot;fa-solid&quot;},&quot;toggle&quot;:&quot;burger&quot;}\" data-widget_type=\"nav-menu.default\">\n\t\t\t\t<div class=\"elementor-widget-container\">\n\t\t\t\t\t\t\t\t<nav aria-label=\"Produkte\" class=\"elementor-nav-menu--main elementor-nav-menu__container elementor-nav-menu--layout-vertical e--pointer-background e--animation-fade\">\n\t\t\t\t<ul id=\"menu-1-247a05b\" class=\"elementor-nav-menu sm-vertical\"><li class=\"menu-item menu-item-type-post_type menu-item-object-page menu-item-3732\"><a href=\"https:\/\/www.dega.cz\/de\/ustredny-plynove-detekce\/\" class=\"elementor-item\">Bedienfelder f\u00fcr die Gasdetektion<\/a><\/li>\n<li class=\"menu-item menu-item-type-post_type menu-item-object-page menu-item-3731\"><a href=\"https:\/\/www.dega.cz\/de\/snimace-a-detektory-plynu\/\" class=\"elementor-item\">Gassensoren und -detektoren<\/a><\/li>\n<li class=\"menu-item menu-item-type-post_type menu-item-object-page menu-item-3730\"><a href=\"https:\/\/www.dega.cz\/de\/akusticka-a-opticka-signalizace\/\" class=\"elementor-item\">Akustische und optische Signalisierung<\/a><\/li>\n<\/ul>\t\t\t<\/nav>\n\t\t\t\t\t<div class=\"elementor-menu-toggle\" role=\"button\" tabindex=\"0\" aria-label=\"Men\u00fc Umschalter\" aria-expanded=\"false\">\n\t\t\t<svg aria-hidden=\"true\" role=\"presentation\" class=\"elementor-menu-toggle__icon--open e-font-icon-svg e-eicon-menu-bar\" viewbox=\"0 0 1000 1000\" xmlns=\"http:\/\/www.w3.org\/2000\/svg\"><path d=\"M104 333H896C929 333 958 304 958 271S929 208 896 208H104C71 208 42 237 42 271S71 333 104 333ZM104 583H896C929 583 958 554 958 521S929 458 896 458H104C71 458 42 487 42 521S71 583 104 583ZM104 833H896C929 833 958 804 958 771S929 708 896 708H104C71 708 42 737 42 771S71 833 104 833Z\"><\/path><\/svg><svg aria-hidden=\"true\" role=\"presentation\" class=\"elementor-menu-toggle__icon--close e-font-icon-svg e-eicon-close\" viewbox=\"0 0 1000 1000\" xmlns=\"http:\/\/www.w3.org\/2000\/svg\"><path d=\"M742 167L500 408 258 167C246 154 233 150 217 150 196 150 179 158 167 167 154 179 150 196 150 212 150 229 154 242 171 254L408 500 167 742C138 771 138 800 167 829 196 858 225 858 254 829L496 587 738 829C750 842 767 846 783 846 800 846 817 842 829 829 842 817 846 804 846 783 846 767 842 750 829 737L588 500 833 258C863 229 863 200 833 171 804 137 775 137 742 167Z\"><\/path><\/svg>\t\t<\/div>\n\t\t\t\t\t<nav class=\"elementor-nav-menu--dropdown elementor-nav-menu__container\" aria-hidden=\"true\">\n\t\t\t\t<ul id=\"menu-2-247a05b\" class=\"elementor-nav-menu sm-vertical\"><li class=\"menu-item menu-item-type-post_type menu-item-object-page menu-item-3732\"><a href=\"https:\/\/www.dega.cz\/de\/ustredny-plynove-detekce\/\" class=\"elementor-item\" tabindex=\"-1\">Bedienfelder f\u00fcr die Gasdetektion<\/a><\/li>\n<li class=\"menu-item menu-item-type-post_type menu-item-object-page menu-item-3731\"><a href=\"https:\/\/www.dega.cz\/de\/snimace-a-detektory-plynu\/\" class=\"elementor-item\" tabindex=\"-1\">Gassensoren und -detektoren<\/a><\/li>\n<li class=\"menu-item menu-item-type-post_type menu-item-object-page menu-item-3730\"><a href=\"https:\/\/www.dega.cz\/de\/akusticka-a-opticka-signalizace\/\" class=\"elementor-item\" tabindex=\"-1\">Akustische und optische Signalisierung<\/a><\/li>\n<\/ul>\t\t\t<\/nav>\n\t\t\t\t\t\t<\/div>\n\t\t\t\t<\/div>\n\t\t\t\t<\/div>\n\t\t<div class=\"elementor-element elementor-element-9158b22 e-con-full e-flex e-con e-child\" data-id=\"9158b22\" data-element_type=\"container\" data-e-type=\"container\">\n\t\t<div class=\"elementor-element elementor-element-10d4d44 e-con-full e-flex e-con e-child\" data-id=\"10d4d44\" data-element_type=\"container\" data-e-type=\"container\">\n\t\t\t\t<div class=\"elementor-element elementor-element-1d8a717 elementor-align-left elementor-widget elementor-widget-button\" data-id=\"1d8a717\" data-element_type=\"widget\" data-e-type=\"widget\" data-widget_type=\"button.default\">\n\t\t\t\t<div class=\"elementor-widget-container\">\n\t\t\t\t\t\t\t\t\t<div class=\"elementor-button-wrapper\">\n\t\t\t\t\t<a class=\"elementor-button elementor-size-sm\" role=\"button\">\n\t\t\t\t\t\t<span class=\"elementor-button-content-wrapper\">\n\t\t\t\t\t\t\t\t\t<span class=\"elementor-button-text\">Produkty - Sn\u00edma\u010de a detektory plynu<\/span>\n\t\t\t\t\t<\/span>\n\t\t\t\t\t<\/a>\n\t\t\t\t<\/div>\n\t\t\t\t\t\t\t\t<\/div>\n\t\t\t\t<\/div>\n\t\t\t\t<\/div>\n\t\t<div class=\"elementor-element elementor-element-8a98105 e-con-full e-flex e-con e-child\" data-id=\"8a98105\" data-element_type=\"container\" data-e-type=\"container\">\n\t\t<div class=\"elementor-element elementor-element-c631bed e-grid e-con-full e-con e-child\" data-id=\"c631bed\" data-element_type=\"container\" data-e-type=\"container\">\n\t\t\t\t<div class=\"elementor-element elementor-element-fdb77e7 elementor-position-top elementor-widget elementor-widget-image-box\" data-id=\"fdb77e7\" data-element_type=\"widget\" data-e-type=\"widget\" data-widget_type=\"image-box.default\">\n\t\t\t\t<div class=\"elementor-widget-container\">\n\t\t\t\t\t<div class=\"elementor-image-box-wrapper\"><figure class=\"elementor-image-box-img\"><a href=\"\/de\/dega-nb-iii\/\" tabindex=\"-1\"><img fetchpriority=\"high\" decoding=\"async\" width=\"334\" height=\"319\" src=\"https:\/\/www.dega.cz\/wp-content\/uploads\/2025\/10\/nb3.webp\" class=\"attachment-full size-full wp-image-3399\" alt=\"\" srcset=\"https:\/\/www.dega.cz\/wp-content\/uploads\/2025\/10\/nb3.webp 334w, https:\/\/www.dega.cz\/wp-content\/uploads\/2025\/10\/nb3-300x287.webp 300w\" sizes=\"(max-width: 334px) 100vw, 334px\" \/><\/a><\/figure><div class=\"elementor-image-box-content\"><h3 class=\"elementor-image-box-title\"><a href=\"\/de\/dega-nb-iii\/\">DEGA NB III<\/a><\/h3><\/div><\/div>\t\t\t\t<\/div>\n\t\t\t\t<\/div>\n\t\t\t\t<div class=\"elementor-element elementor-element-ebea130 elementor-position-top elementor-widget elementor-widget-image-box\" data-id=\"ebea130\" data-element_type=\"widget\" data-e-type=\"widget\" data-widget_type=\"image-box.default\">\n\t\t\t\t<div class=\"elementor-widget-container\">\n\t\t\t\t\t<div class=\"elementor-image-box-wrapper\"><figure class=\"elementor-image-box-img\"><a href=\"\/de\/dega-nb-iii-lcd\/\" tabindex=\"-1\"><img decoding=\"async\" width=\"590\" height=\"535\" src=\"https:\/\/www.dega.cz\/wp-content\/uploads\/2025\/10\/nb3lcd.webp\" class=\"attachment-full size-full wp-image-3424\" alt=\"\" srcset=\"https:\/\/www.dega.cz\/wp-content\/uploads\/2025\/10\/nb3lcd.webp 590w, https:\/\/www.dega.cz\/wp-content\/uploads\/2025\/10\/nb3lcd-300x272.webp 300w\" sizes=\"(max-width: 590px) 100vw, 590px\" \/><\/a><\/figure><div class=\"elementor-image-box-content\"><h3 class=\"elementor-image-box-title\"><a href=\"\/de\/dega-nb-iii-lcd\/\">DEGA NB III LCD<\/a><\/h3><\/div><\/div>\t\t\t\t<\/div>\n\t\t\t\t<\/div>\n\t\t\t\t<div class=\"elementor-element elementor-element-c49e805 elementor-position-top elementor-widget elementor-widget-image-box\" data-id=\"c49e805\" data-element_type=\"widget\" data-e-type=\"widget\" data-widget_type=\"image-box.default\">\n\t\t\t\t<div class=\"elementor-widget-container\">\n\t\t\t\t\t<div class=\"elementor-image-box-wrapper\"><figure class=\"elementor-image-box-img\"><a href=\"\/de\/dega-ns-ii\/\" tabindex=\"-1\"><img decoding=\"async\" width=\"600\" height=\"466\" src=\"https:\/\/www.dega.cz\/wp-content\/uploads\/2025\/10\/nsXIIyL1-2-kopie-1.webp\" class=\"attachment-full size-full wp-image-3564\" alt=\"\" srcset=\"https:\/\/www.dega.cz\/wp-content\/uploads\/2025\/10\/nsXIIyL1-2-kopie-1.webp 600w, https:\/\/www.dega.cz\/wp-content\/uploads\/2025\/10\/nsXIIyL1-2-kopie-1-300x233.webp 300w\" sizes=\"(max-width: 600px) 100vw, 600px\" \/><\/a><\/figure><div class=\"elementor-image-box-content\"><h3 class=\"elementor-image-box-title\"><a href=\"\/de\/dega-ns-ii\/\">DEGA NS II<\/a><\/h3><\/div><\/div>\t\t\t\t<\/div>\n\t\t\t\t<\/div>\n\t\t\t\t<\/div>\n\t\t<div class=\"elementor-element elementor-element-c3a1d61 e-grid e-con-full e-con e-child\" data-id=\"c3a1d61\" data-element_type=\"container\" data-e-type=\"container\">\n\t\t\t\t<div class=\"elementor-element elementor-element-5407778 elementor-position-top elementor-widget elementor-widget-image-box\" data-id=\"5407778\" data-element_type=\"widget\" data-e-type=\"widget\" data-widget_type=\"image-box.default\">\n\t\t\t\t<div class=\"elementor-widget-container\">\n\t\t\t\t\t<div class=\"elementor-image-box-wrapper\"><figure class=\"elementor-image-box-img\"><a href=\"https:\/\/www.dega.cz\/de\/dega-ns-ii-lcd\/\" tabindex=\"-1\"><img loading=\"lazy\" decoding=\"async\" width=\"616\" height=\"529\" src=\"https:\/\/www.dega.cz\/wp-content\/uploads\/2025\/10\/DEGA-ns-II-lcd-kopie.webp\" class=\"attachment-full size-full wp-image-3480\" alt=\"\" srcset=\"https:\/\/www.dega.cz\/wp-content\/uploads\/2025\/10\/DEGA-ns-II-lcd-kopie.webp 616w, https:\/\/www.dega.cz\/wp-content\/uploads\/2025\/10\/DEGA-ns-II-lcd-kopie-300x258.webp 300w\" sizes=\"(max-width: 616px) 100vw, 616px\" \/><\/a><\/figure><div class=\"elementor-image-box-content\"><h3 class=\"elementor-image-box-title\"><a href=\"https:\/\/www.dega.cz\/de\/dega-ns-ii-lcd\/\">DEGA NS II LCD<\/a><\/h3><\/div><\/div>\t\t\t\t<\/div>\n\t\t\t\t<\/div>\n\t\t\t\t<div class=\"elementor-element elementor-element-d353b28 elementor-position-top elementor-widget elementor-widget-image-box\" data-id=\"d353b28\" data-element_type=\"widget\" data-e-type=\"widget\" data-widget_type=\"image-box.default\">\n\t\t\t\t<div class=\"elementor-widget-container\">\n\t\t\t\t\t<div class=\"elementor-image-box-wrapper\"><figure class=\"elementor-image-box-img\"><a href=\"https:\/\/www.dega.cz\/de\/dega-ns-iii\/\" tabindex=\"-1\"><img loading=\"lazy\" decoding=\"async\" width=\"720\" height=\"600\" src=\"https:\/\/www.dega.cz\/wp-content\/uploads\/2025\/10\/tst-DEGA-ns-III.jpg\" class=\"attachment-full size-full wp-image-3367\" alt=\"\" srcset=\"https:\/\/www.dega.cz\/wp-content\/uploads\/2025\/10\/tst-DEGA-ns-III.jpg 720w, https:\/\/www.dega.cz\/wp-content\/uploads\/2025\/10\/tst-DEGA-ns-III-300x250.jpg 300w\" sizes=\"(max-width: 720px) 100vw, 720px\" \/><\/a><\/figure><div class=\"elementor-image-box-content\"><h3 class=\"elementor-image-box-title\"><a href=\"https:\/\/www.dega.cz\/de\/dega-ns-iii\/\">DEGA NS III<\/a><\/h3><\/div><\/div>\t\t\t\t<\/div>\n\t\t\t\t<\/div>\n\t\t\t\t<div class=\"elementor-element elementor-element-04f7050 elementor-position-top elementor-widget elementor-widget-image-box\" data-id=\"04f7050\" data-element_type=\"widget\" data-e-type=\"widget\" data-widget_type=\"image-box.default\">\n\t\t\t\t<div class=\"elementor-widget-container\">\n\t\t\t\t\t<div class=\"elementor-image-box-wrapper\"><figure class=\"elementor-image-box-img\"><a href=\"https:\/\/www.dega.cz\/de\/dega-ns-iii-lcd\/\" tabindex=\"-1\"><img loading=\"lazy\" decoding=\"async\" width=\"566\" height=\"501\" src=\"https:\/\/www.dega.cz\/wp-content\/uploads\/2025\/10\/DEGA-ns-III-lcd.webp\" class=\"attachment-full size-full wp-image-3508\" alt=\"\" srcset=\"https:\/\/www.dega.cz\/wp-content\/uploads\/2025\/10\/DEGA-ns-III-lcd.webp 566w, https:\/\/www.dega.cz\/wp-content\/uploads\/2025\/10\/DEGA-ns-III-lcd-300x266.webp 300w\" sizes=\"(max-width: 566px) 100vw, 566px\" \/><\/a><\/figure><div class=\"elementor-image-box-content\"><h3 class=\"elementor-image-box-title\"><a href=\"https:\/\/www.dega.cz\/de\/dega-ns-iii-lcd\/\">DEGA NS III LCD<\/a><\/h3><\/div><\/div>\t\t\t\t<\/div>\n\t\t\t\t<\/div>\n\t\t\t\t<\/div>\n\t\t<div class=\"elementor-element elementor-element-de3c8d4 e-grid e-con-full e-con e-child\" data-id=\"de3c8d4\" data-element_type=\"container\" data-e-type=\"container\">\n\t\t\t\t<div class=\"elementor-element elementor-element-0e97c90 elementor-position-top elementor-widget elementor-widget-image-box\" data-id=\"0e97c90\" data-element_type=\"widget\" data-e-type=\"widget\" data-widget_type=\"image-box.default\">\n\t\t\t\t<div class=\"elementor-widget-container\">\n\t\t\t\t\t<div class=\"elementor-image-box-wrapper\"><figure class=\"elementor-image-box-img\"><a href=\"https:\/\/www.dega.cz\/de\/dega-nb-iiv-lcd\/\" tabindex=\"-1\"><img loading=\"lazy\" decoding=\"async\" width=\"900\" height=\"900\" src=\"https:\/\/www.dega.cz\/wp-content\/uploads\/2026\/02\/a_hlavni-lcd.webp\" class=\"attachment-full size-full wp-image-4724\" alt=\"\" srcset=\"https:\/\/www.dega.cz\/wp-content\/uploads\/2026\/02\/a_hlavni-lcd.webp 900w, https:\/\/www.dega.cz\/wp-content\/uploads\/2026\/02\/a_hlavni-lcd-300x300.webp 300w, https:\/\/www.dega.cz\/wp-content\/uploads\/2026\/02\/a_hlavni-lcd-150x150.webp 150w, https:\/\/www.dega.cz\/wp-content\/uploads\/2026\/02\/a_hlavni-lcd-768x768.webp 768w, https:\/\/www.dega.cz\/wp-content\/uploads\/2026\/02\/a_hlavni-lcd-12x12.webp 12w\" sizes=\"(max-width: 900px) 100vw, 900px\" \/><\/a><\/figure><div class=\"elementor-image-box-content\"><h3 class=\"elementor-image-box-title\"><a href=\"https:\/\/www.dega.cz\/de\/dega-nb-iiv-lcd\/\">DEGA NB iIV LCD<\/a><\/h3><\/div><\/div>\t\t\t\t<\/div>\n\t\t\t\t<\/div>\n\t\t\t\t<div class=\"elementor-element elementor-element-9e54bac elementor-position-top elementor-widget elementor-widget-image-box\" data-id=\"9e54bac\" data-element_type=\"widget\" data-e-type=\"widget\" data-widget_type=\"image-box.default\">\n\t\t\t\t<div class=\"elementor-widget-container\">\n\t\t\t\t\t<div class=\"elementor-image-box-wrapper\"><figure class=\"elementor-image-box-img\"><a href=\"https:\/\/www.dega.cz\/de\/dega-nb-iiv\/\" tabindex=\"-1\"><img loading=\"lazy\" decoding=\"async\" width=\"900\" height=\"900\" src=\"https:\/\/www.dega.cz\/wp-content\/uploads\/2026\/02\/0036-bezlcd.webp\" class=\"attachment-full size-full wp-image-4742\" alt=\"\" srcset=\"https:\/\/www.dega.cz\/wp-content\/uploads\/2026\/02\/0036-bezlcd.webp 900w, https:\/\/www.dega.cz\/wp-content\/uploads\/2026\/02\/0036-bezlcd-300x300.webp 300w, https:\/\/www.dega.cz\/wp-content\/uploads\/2026\/02\/0036-bezlcd-150x150.webp 150w, https:\/\/www.dega.cz\/wp-content\/uploads\/2026\/02\/0036-bezlcd-768x768.webp 768w, https:\/\/www.dega.cz\/wp-content\/uploads\/2026\/02\/0036-bezlcd-12x12.webp 12w\" sizes=\"(max-width: 900px) 100vw, 900px\" \/><\/a><\/figure><div class=\"elementor-image-box-content\"><h3 class=\"elementor-image-box-title\"><a href=\"https:\/\/www.dega.cz\/de\/dega-nb-iiv\/\">DEGA NB iIV<\/a><\/h3><\/div><\/div>\t\t\t\t<\/div>\n\t\t\t\t<\/div>\n\t\t\t\t<\/div>\n\t\t\t\t<\/div>\n\t\t\t\t<\/div>\n\t\t\t\t\t<\/div>\n\t\t\t\t<\/div>\n\t\t<div class=\"elementor-element elementor-element-03d3de6 e-flex e-con-boxed e-con e-parent\" data-id=\"03d3de6\" data-element_type=\"container\" data-e-type=\"container\">\n\t\t\t\t\t<div class=\"e-con-inner\">\n\t\t\t\t<div class=\"elementor-element elementor-element-e461e5a elementor-widget elementor-widget-spacer\" data-id=\"e461e5a\" data-element_type=\"widget\" data-e-type=\"widget\" data-widget_type=\"spacer.default\">\n\t\t\t\t<div class=\"elementor-widget-container\">\n\t\t\t\t\t\t\t<div class=\"elementor-spacer\">\n\t\t\t<div class=\"elementor-spacer-inner\"><\/div>\n\t\t<\/div>\n\t\t\t\t\t\t<\/div>\n\t\t\t\t<\/div>\n\t\t\t\t\t<\/div>\n\t\t\t\t<\/div>\n\t\t\t\t<\/div>","protected":false},"excerpt":{"rendered":"<p>Kategorie produkt\u016f Produkty &#8211; Sn\u00edma\u010de a detektory plynu DEGA NB III DEGA NB III LCD DEGA NS II DEGA NS II LCD DEGA NS III DEGA NS III LCD DEGA NB iIV LCD DEGA NB iIV<\/p>","protected":false},"author":1,"featured_media":0,"parent":0,"menu_order":0,"comment_status":"closed","ping_status":"closed","template":"elementor_header_footer","meta":{"footnotes":""},"class_list":["post-3701","page","type-page","status-publish","hentry"],"_links":{"self":[{"href":"https:\/\/www.dega.cz\/de\/wp-json\/wp\/v2\/pages\/3701","targetHints":{"allow":["GET"]}}],"collection":[{"href":"https:\/\/www.dega.cz\/de\/wp-json\/wp\/v2\/pages"}],"about":[{"href":"https:\/\/www.dega.cz\/de\/wp-json\/wp\/v2\/types\/page"}],"author":[{"embeddable":true,"href":"https:\/\/www.dega.cz\/de\/wp-json\/wp\/v2\/users\/1"}],"replies":[{"embeddable":true,"href":"https:\/\/www.dega.cz\/de\/wp-json\/wp\/v2\/comments?post=3701"}],"version-history":[{"count":0,"href":"https:\/\/www.dega.cz\/de\/wp-json\/wp\/v2\/pages\/3701\/revisions"}],"wp:attachment":[{"href":"https:\/\/www.dega.cz\/de\/wp-json\/wp\/v2\/media?parent=3701"}],"curies":[{"name":"wp","href":"https:\/\/api.w.org\/{rel}","templated":true}]}}